{"id":3999,"date":"2018-09-03T17:59:54","date_gmt":"2018-09-03T17:59:54","guid":{"rendered":"http:\/\/lzr.webtm.ru\/?page_id=3999"},"modified":"2024-09-10T11:40:59","modified_gmt":"2024-09-10T17:40:59","slug":"equipo-del-jbrc","status":"publish","type":"page","link":"https:\/\/www.vamexico.com\/jb2\/equipo-del-jbrc\/","title":{"rendered":"Equipo del JBRC"},"content":{"rendered":"<p>[vc_row gap=&#8221;35&#8243; m_bottom=&#8221;0&#8243; css=&#8221;.vc_custom_1725501549305{margin-top: 80px !important;}&#8221;]\n\t<div class=\"vc_col-sm-12 wpb_column vc_column_container \"  data-wow-delay=\"0ms\">\n\t\t<div class=\"wpb_wrapper\">\n\t\t\t[vc_column_text css_animation=&#8221;fadeInUp&#8221;]<\/p>\n<h2 style=\"text-align: center; color: #4e681c; margin-bottom: 0;\"><b>DIRECCI\u00d3N<\/b><\/h2>\n<p>[\/vc_column_text]\n\t\t<\/div> <!-- END .wpb_wrapper -->\n\t<\/div> <!-- END  wpb_column vc_column_container  -->\n[\/vc_row][vc_row gap=&#8221;35&#8243; m_bottom=&#8221;0&#8243; css=&#8221;.vc_custom_1725501533803{border-bottom-width: 2px !important;border-bottom-color: #eaeaea !important;border-bottom-style: solid !important;}&#8221;]\n\t<div class=\"vc_col-sm-2 wpb_column vc_column_container \"  data-wow-delay=\"0ms\">\n\t\t<div class=\"wpb_wrapper\">\n\t\t\t\n\t\t<\/div> <!-- END .wpb_wrapper -->\n\t<\/div> <!-- END  wpb_column vc_column_container  -->\n\n\t<div class=\"vc_col-sm-4 wpb_column vc_column_container \"  data-wow-delay=\"0ms\" data-wow-iteration=\"1\" >\n\t\t<div class=\"wpb_wrapper\">\n\t\t\t[vc_single_image image=&#8221;8794&#8243; img_size=&#8221;300&#215;300&#8243; alignment=&#8221;center&#8221; css_animation=&#8221;fadeInUp&#8221;][vc_column_text css_animation=&#8221;fadeInUp&#8221;]<\/p>\n<h4 style=\"text-align: center; color: #80a32b; margin-bottom: 0;\"><b>Dr. Enrique Rabell Garc\u00eda<\/b><\/h4>\n<p style=\"text-align: center; font-size: 18px;\">Director General del CONCYTEQ<\/p>\n<p>[\/vc_column_text]\n\t\t<\/div> <!-- END .wpb_wrapper -->\n\t<\/div> <!-- END  wpb_column vc_column_container  -->\n\n\t<div class=\"vc_col-sm-4 wpb_column vc_column_container \"  data-wow-delay=\"0ms\">\n\t\t<div class=\"wpb_wrapper\">\n\t\t\t[vc_single_image image=&#8221;8723&#8243; img_size=&#8221;300&#215;300&#8243; alignment=&#8221;center&#8221; css_animation=&#8221;fadeInUp&#8221;][vc_column_text css_animation=&#8221;fadeInUp&#8221;]<\/p>\n<h4 style=\"text-align: center; color: #80a32b; margin-bottom: 0;\"><b>Ing. Emiliano S\u00e1nchez Mart\u00ednez<\/b><\/h4>\n<p style=\"text-align: center; font-size: 18px;\">Director del Jard\u00edn Bot\u00e1nico Regional de Cadereyta<\/p>\n<p>[\/vc_column_text]\n\t\t<\/div> <!-- END .wpb_wrapper -->\n\t<\/div> <!-- END  wpb_column vc_column_container  -->\n\n\t<div class=\"vc_col-sm-2 wpb_column vc_column_container \"  data-wow-delay=\"0ms\">\n\t\t<div class=\"wpb_wrapper\">\n\t\t\t\n\t\t<\/div> <!-- END .wpb_wrapper -->\n\t<\/div> <!-- END  wpb_column vc_column_container  -->\n[\/vc_row][vc_row gap=&#8221;35&#8243; m_bottom=&#8221;0&#8243; css=&#8221;.vc_custom_1725501859273{margin-top: 20px !important;}&#8221;]\n\t<div class=\"vc_col-sm-2 wpb_column vc_column_container \"  data-wow-delay=\"0ms\">\n\t\t<div class=\"wpb_wrapper\">\n\t\t\t\n\t\t<\/div> <!-- END .wpb_wrapper -->\n\t<\/div> <!-- END  wpb_column vc_column_container  -->\n\n\t<div class=\"vc_col-sm-4 wpb_column vc_column_container \"  data-wow-delay=\"0ms\">\n\t\t<div class=\"wpb_wrapper\">\n\t\t\t[vc_column_text css_animation=&#8221;fadeInUp&#8221;]<\/p>\n<h4 style=\"text-align: center; color: #4e681c; margin-bottom: 0;\"><b>COORDINACI\u00d3N DE INVESTIGACI\u00d3N CIENT\u00cdFICA<\/b><\/h4>\n<p>[\/vc_column_text]\n\t\t<\/div> <!-- END .wpb_wrapper -->\n\t<\/div> <!-- END  wpb_column vc_column_container  -->\n\n\t<div class=\"vc_col-sm-4 wpb_column vc_column_container \"  data-wow-delay=\"0ms\">\n\t\t<div class=\"wpb_wrapper\">\n\t\t\t[vc_column_text css_animation=&#8221;fadeInUp&#8221;]<\/p>\n<h4 style=\"text-align: center; color: #4e681c; margin-bottom: 0;\"><b>COORDINACI\u00d3N DE OPERACI\u00d3N T\u00c9CNICA Y APROVECHAMIENTO<\/b><\/h4>\n<p>[\/vc_column_text]\n\t\t<\/div> <!-- END .wpb_wrapper -->\n\t<\/div> <!-- END  wpb_column vc_column_container  -->\n\n\t<div class=\"vc_col-sm-2 wpb_column vc_column_container \"  data-wow-delay=\"0ms\">\n\t\t<div class=\"wpb_wrapper\">\n\t\t\t\n\t\t<\/div> <!-- END .wpb_wrapper -->\n\t<\/div> <!-- END  wpb_column vc_column_container  -->\n[\/vc_row][vc_row gap=&#8221;35&#8243; m_bottom=&#8221;0&#8243;]\n\t<div class=\"vc_col-sm-2 wpb_column vc_column_container \"  data-wow-delay=\"0ms\">\n\t\t<div class=\"wpb_wrapper\">\n\t\t\t\n\t\t<\/div> <!-- END .wpb_wrapper -->\n\t<\/div> <!-- END  wpb_column vc_column_container  -->\n\n\t<div class=\"vc_col-sm-4 wpb_column vc_column_container \"  data-wow-delay=\"0ms\" data-wow-iteration=\"1\" >\n\t\t<div class=\"wpb_wrapper\">\n\t\t\t[vc_single_image image=&#8221;8728&#8243; img_size=&#8221;300&#215;300&#8243; alignment=&#8221;center&#8221; css_animation=&#8221;fadeInUp&#8221;][vc_column_text css_animation=&#8221;fadeInUp&#8221;]<\/p>\n<h4 style=\"text-align: center; color: #80a32b; margin-bottom: 0;\"><b>Bi\u00f3l. Beatriz Maruri Aguilar<\/b><\/h4>\n<p style=\"text-align: center; font-size: 18px;\">Coordinadora de Investigaci\u00f3n Cient\u00edfica<\/p>\n<p>[\/vc_column_text]\n\t\t<\/div> <!-- END .wpb_wrapper -->\n\t<\/div> <!-- END  wpb_column vc_column_container  -->\n\n\t<div class=\"vc_col-sm-4 wpb_column vc_column_container  vc_custom_1725577564360\"  data-wow-delay=\"0ms\" data-wow-iteration=\"1\" >\n\t\t<div class=\"wpb_wrapper\">\n\t\t\t[vc_single_image image=&#8221;8719&#8243; img_size=&#8221;300&#215;300&#8243; alignment=&#8221;center&#8221; css_animation=&#8221;fadeInUp&#8221;][vc_column_text css_animation=&#8221;fadeInUp&#8221;]<\/p>\n<h4 style=\"text-align: center; color: #80a32b; margin-bottom: 0;\"><b>Bi\u00f3l. Mar\u00eda Magdalena Hern\u00e1ndez Mart\u00ednez<\/b><\/h4>\n<p style=\"text-align: center; font-size: 18px;\">Coordinadora de Operaci\u00f3n T\u00e9cnica y Aprovechamiento<\/p>\n<p>[\/vc_column_text]\n\t\t<\/div> <!-- END .wpb_wrapper -->\n\t<\/div> <!-- END  wpb_column vc_column_container  -->\n\n\t<div class=\"vc_col-sm-2 wpb_column vc_column_container \"  data-wow-delay=\"0ms\">\n\t\t<div class=\"wpb_wrapper\">\n\t\t\t\n\t\t<\/div> <!-- END .wpb_wrapper -->\n\t<\/div> <!-- END  wpb_column vc_column_container  -->\n[\/vc_row][vc_row gap=&#8221;35&#8243; m_bottom=&#8221;0&#8243; css=&#8221;.vc_custom_1725577525787{margin-top: 0px !important;border-bottom-width: 2px !important;padding-bottom: 40px !important;border-bottom-color: #eaeaea !important;border-bottom-style: solid !important;}&#8221;]\n\t<div class=\"vc_col-sm-2 wpb_column vc_column_container \"  data-wow-delay=\"0ms\">\n\t\t<div class=\"wpb_wrapper\">\n\t\t\t\n\t\t<\/div> <!-- END .wpb_wrapper -->\n\t<\/div> <!-- END  wpb_column vc_column_container  -->\n\n\t<div class=\"vc_col-sm-4 wpb_column vc_column_container \"  data-wow-delay=\"0ms\">\n\t\t<div class=\"wpb_wrapper\">\n\t\t\t[vc_single_image image=&#8221;8795&#8243; img_size=&#8221;300&#215;300&#8243; alignment=&#8221;center&#8221; css_animation=&#8221;fadeInUp&#8221;][vc_column_text css_animation=&#8221;fadeInUp&#8221;]<\/p>\n<h4 style=\"text-align: center; color: #80a32b; margin-bottom: 0;\"><b>Dr. Jos\u00e9 Antonio Aranda Pineda<br \/>\n<\/b><\/h4>\n<p style=\"text-align: center; font-size: 18px;\">Investigador<\/p>\n<p>[\/vc_column_text]\n\t\t<\/div> <!-- END .wpb_wrapper -->\n\t<\/div> <!-- END  wpb_column vc_column_container  -->\n\n\t<div class=\"vc_col-sm-4 wpb_column vc_column_container  vc_custom_1725577587028\"  data-wow-delay=\"0ms\" data-wow-iteration=\"1\" >\n\t\t<div class=\"wpb_wrapper\">\n\t\t\t[vc_single_image image=&#8221;8724&#8243; img_size=&#8221;300&#215;300&#8243; alignment=&#8221;center&#8221; css_animation=&#8221;fadeInUp&#8221;][vc_column_text css_animation=&#8221;fadeInUp&#8221;]<\/p>\n<h4 style=\"text-align: center; color: #80a32b; margin-bottom: 0;\"><b>M. en C. Yazm\u00edn Hailen Ugalde de la Cruz<\/b><\/h4>\n<p style=\"text-align: center; font-size: 18px;\">Subcoordinadora de Educaci\u00f3n y Divulgaci\u00f3n<\/p>\n<p>[\/vc_column_text]\n\t\t<\/div> <!-- END .wpb_wrapper -->\n\t<\/div> <!-- END  wpb_column vc_column_container  -->\n\n\t<div class=\"vc_col-sm-2 wpb_column vc_column_container \"  data-wow-delay=\"0ms\">\n\t\t<div class=\"wpb_wrapper\">\n\t\t\t\n\t\t<\/div> <!-- END .wpb_wrapper -->\n\t<\/div> <!-- END  wpb_column vc_column_container  -->\n[\/vc_row][vc_row gap=&#8221;35&#8243; m_bottom=&#8221;0&#8243; css=&#8221;.vc_custom_1725577759680{margin-top: 20px !important;margin-bottom: 0px !important;padding-bottom: 0px !important;}&#8221;]\n\t<div class=\"vc_col-sm-3 wpb_column vc_column_container \"  data-wow-delay=\"0ms\">\n\t\t<div class=\"wpb_wrapper\">\n\t\t\t[vc_column_text css_animation=&#8221;fadeInUp&#8221;]<\/p>\n<h3 style=\"text-align: center; color: #4e681c; margin-bottom: 0;\"><b>MEDIOS<\/b><\/h3>\n<p>[\/vc_column_text]\n\t\t<\/div> <!-- END .wpb_wrapper -->\n\t<\/div> <!-- END  wpb_column vc_column_container  -->\n\n\t<div class=\"vc_col-sm-9 wpb_column vc_column_container \"  data-wow-delay=\"0ms\" data-wow-iteration=\"1\" >\n\t\t<div class=\"wpb_wrapper\">\n\t\t\t[vc_column_text css_animation=&#8221;fadeInUp&#8221;]<\/p>\n<h3 style=\"text-align: center; color: #4e681c; margin-bottom: 0;\"><b>EDUCACI\u00d3N AMBIENTAL<br \/>\n<\/b><\/h3>\n<p>[\/vc_column_text]\n\t\t<\/div> <!-- END .wpb_wrapper -->\n\t<\/div> <!-- END  wpb_column vc_column_container  -->\n[\/vc_row][vc_row gap=&#8221;35&#8243; m_bottom=&#8221;0&#8243; css=&#8221;.vc_custom_1725577716943{border-bottom-width: 2px !important;padding-top: 20px !important;padding-bottom: 40px !important;border-bottom-color: #eaeaea !important;border-bottom-style: solid !important;}&#8221;]\n\t<div class=\"vc_col-sm-3 wpb_column vc_column_container  vc_custom_1725577645995\"  data-wow-delay=\"0ms\" data-wow-iteration=\"1\" >\n\t\t<div class=\"wpb_wrapper\">\n\t\t\t[vc_single_image image=&#8221;8726&#8243; img_size=&#8221;300&#215;300&#8243; alignment=&#8221;center&#8221; css_animation=&#8221;fadeInUp&#8221;][vc_column_text css_animation=&#8221;fadeInUp&#8221;]<\/p>\n<h4 style=\"text-align: center; color: #80a32b; margin-bottom: 0;\"><b>Daniel Camacho Mart\u00ednez<\/b><\/h4>\n<p style=\"text-align: center; font-size: 18px;\">Dise\u00f1o y Medios<\/p>\n<p>[\/vc_column_text]\n\t\t<\/div> <!-- END .wpb_wrapper -->\n\t<\/div> <!-- END  wpb_column vc_column_container  -->\n\n\t<div class=\"vc_col-sm-3 wpb_column vc_column_container  vc_custom_1725577673965\"  data-wow-delay=\"0ms\" data-wow-iteration=\"1\" >\n\t\t<div class=\"wpb_wrapper\">\n\t\t\t[vc_single_image image=&#8221;8721&#8243; img_size=&#8221;300&#215;300&#8243; alignment=&#8221;center&#8221; css_animation=&#8221;fadeInUp&#8221;][vc_column_text css_animation=&#8221;fadeInUp&#8221;]<\/p>\n<h4 style=\"text-align: center; color: #80a32b; margin-bottom: 0;\"><b>M. en E. Erika Vianeth Garc\u00eda Flores<\/b><\/h4>\n<p style=\"text-align: center; font-size: 18px;\">Programas para la Educaci\u00f3n Ambiental y Atenci\u00f3n al p\u00fablico<\/p>\n<p>[\/vc_column_text]\n\t\t<\/div> <!-- END .wpb_wrapper -->\n\t<\/div> <!-- END  wpb_column vc_column_container  -->\n\n\t<div class=\"vc_col-sm-3 wpb_column vc_column_container  vc_custom_1725577668183\"  data-wow-delay=\"0ms\" data-wow-iteration=\"1\" >\n\t\t<div class=\"wpb_wrapper\">\n\t\t\t[vc_single_image image=&#8221;8718&#8243; img_size=&#8221;300&#215;300&#8243; alignment=&#8221;center&#8221; css_animation=&#8221;fadeInUp&#8221;][vc_column_text css_animation=&#8221;fadeInUp&#8221;]<\/p>\n<h4 style=\"text-align: center; color: #80a32b; margin-bottom: 0;\"><b>Bi\u00f3l. Nancy Adriana Hidalgo Aguilar<\/b><\/h4>\n<p style=\"text-align: center; font-size: 18px;\">Educaci\u00f3n Ambiental<\/p>\n<p>[\/vc_column_text]\n\t\t<\/div> <!-- END .wpb_wrapper -->\n\t<\/div> <!-- END  wpb_column vc_column_container  -->\n\n\t<div class=\"vc_col-sm-3 wpb_column vc_column_container \"  data-wow-delay=\"0ms\">\n\t\t<div class=\"wpb_wrapper\">\n\t\t\t[vc_single_image image=&#8221;8729&#8243; img_size=&#8221;300&#215;300&#8243; alignment=&#8221;center&#8221; css_animation=&#8221;fadeInUp&#8221;][vc_column_text css_animation=&#8221;fadeInUp&#8221;]<\/p>\n<h4 style=\"text-align: center; color: #80a32b; margin-bottom: 0;\"><b>Abigail Arteaga Cruz<\/b><\/h4>\n<p style=\"text-align: center; font-size: 18px;\">Atenci\u00f3n al p\u00fablico<\/p>\n<p>[\/vc_column_text]\n\t\t<\/div> <!-- END .wpb_wrapper -->\n\t<\/div> <!-- END  wpb_column vc_column_container  -->\n[\/vc_row][vc_row gap=&#8221;35&#8243; m_bottom=&#8221;0&#8243; css=&#8221;.vc_custom_1725501859273{margin-top: 20px !important;}&#8221;]\n\t<div class=\"vc_col-sm-12 wpb_column vc_column_container \"  data-wow-delay=\"0ms\">\n\t\t<div class=\"wpb_wrapper\">\n\t\t\t[vc_column_text css_animation=&#8221;fadeInUp&#8221;]<\/p>\n<h3 style=\"text-align: center; color: #4e681c; margin-bottom: 0; text-transform: uppercase;\"><b>Unidad de Propagaci\u00f3n de Plantas Silvestres<\/b><\/h3>\n<p>[\/vc_column_text]\n\t\t<\/div> <!-- END .wpb_wrapper -->\n\t<\/div> <!-- END  wpb_column vc_column_container  -->\n[\/vc_row][vc_row gap=&#8221;35&#8243; m_bottom=&#8221;0&#8243; css=&#8221;.vc_custom_1725571567837{border-bottom-width: 2px !important;border-bottom-color: #eaeaea !important;border-bottom-style: solid !important;}&#8221;]\n\t<div class=\"vc_col-sm-4 wpb_column vc_column_container \"  data-wow-delay=\"0ms\" data-wow-iteration=\"1\" >\n\t\t<div class=\"wpb_wrapper\">\n\t\t\t[vc_single_image image=&#8221;8717&#8243; img_size=&#8221;300&#215;300&#8243; alignment=&#8221;center&#8221; css_animation=&#8221;fadeInUp&#8221;][vc_column_text css_animation=&#8221;fadeInUp&#8221;]<\/p>\n<h4 style=\"text-align: center; color: #80a32b; margin-bottom: 0;\"><b>Oliverio Vera Organista<br \/>\n<\/b><\/h4>\n<p style=\"text-align: center; font-size: 18px;\">Operativo de invernaderos y colecciones<\/p>\n<p>[\/vc_column_text]\n\t\t<\/div> <!-- END .wpb_wrapper -->\n\t<\/div> <!-- END  wpb_column vc_column_container  -->\n\n\t<div class=\"vc_col-sm-4 wpb_column vc_column_container \"  data-wow-delay=\"0ms\" data-wow-iteration=\"1\" >\n\t\t<div class=\"wpb_wrapper\">\n\t\t\t[vc_single_image image=&#8221;8722&#8243; img_size=&#8221;300&#215;300&#8243; alignment=&#8221;center&#8221; css_animation=&#8221;fadeInUp&#8221;][vc_column_text css_animation=&#8221;fadeInUp&#8221;]<\/p>\n<h4 style=\"text-align: center; color: #80a32b; margin-bottom: 0;\"><b>Irma Brise\u00f1o Res\u00e9ndiz<\/b><\/h4>\n<p style=\"text-align: center; font-size: 18px;\">Auxiliar de Horticultura<\/p>\n<p>[\/vc_column_text]\n\t\t<\/div> <!-- END .wpb_wrapper -->\n\t<\/div> <!-- END  wpb_column vc_column_container  -->\n\n\t<div class=\"vc_col-sm-4 wpb_column vc_column_container \"  data-wow-delay=\"0ms\">\n\t\t<div class=\"wpb_wrapper\">\n\t\t\t[vc_single_image image=&#8221;8725&#8243; img_size=&#8221;300&#215;300&#8243; alignment=&#8221;center&#8221; css_animation=&#8221;fadeInUp&#8221;][vc_column_text css_animation=&#8221;fadeInUp&#8221;]<\/p>\n<h4 style=\"text-align: center; color: #80a32b; margin-bottom: 0;\"><b>Francisca Cuevas Garc\u00eda<\/b><\/h4>\n<p style=\"text-align: center; font-size: 18px;\">Auxiliar de Horticultura<\/p>\n<p>[\/vc_column_text]\n\t\t<\/div> <!-- END .wpb_wrapper -->\n\t<\/div> <!-- END  wpb_column vc_column_container  -->\n[\/vc_row][vc_row gap=&#8221;35&#8243; m_bottom=&#8221;0&#8243; css=&#8221;.vc_custom_1725501859273{margin-top: 20px !important;}&#8221;]\n\t<div class=\"vc_col-sm-12 wpb_column vc_column_container \"  data-wow-delay=\"0ms\">\n\t\t<div class=\"wpb_wrapper\">\n\t\t\t[vc_column_text css_animation=&#8221;fadeInUp&#8221;]<\/p>\n<h3 style=\"text-align: center; color: #4e681c; margin-bottom: 0;\"><b>MANTENIMIENTO<\/b><\/h3>\n<p>[\/vc_column_text]\n\t\t<\/div> <!-- END .wpb_wrapper -->\n\t<\/div> <!-- END  wpb_column vc_column_container  -->\n[\/vc_row][vc_row gap=&#8221;35&#8243; m_bottom=&#8221;0&#8243; css=&#8221;.vc_custom_1725572523720{padding-bottom: 80px !important;}&#8221;]\n\t<div class=\"vc_col-sm-3 wpb_column vc_column_container \"  data-wow-delay=\"0ms\">\n\t\t<div class=\"wpb_wrapper\">\n\t\t\t[vc_single_image image=&#8221;8716&#8243; img_size=&#8221;300&#215;300&#8243; alignment=&#8221;center&#8221; css_animation=&#8221;fadeInUp&#8221;][vc_column_text css_animation=&#8221;fadeInUp&#8221;]<\/p>\n<h4 style=\"text-align: center; color: #80a32b; margin-bottom: 0;\"><b>Ramiro Paz Hurtado<\/b><\/h4>\n<p style=\"text-align: center; font-size: 18px;\">Mantenimiento<\/p>\n<p>[\/vc_column_text]\n\t\t<\/div> <!-- END .wpb_wrapper -->\n\t<\/div> <!-- END  wpb_column vc_column_container  -->\n\n\t<div class=\"vc_col-sm-3 wpb_column vc_column_container \"  data-wow-delay=\"0ms\" data-wow-iteration=\"1\" >\n\t\t<div class=\"wpb_wrapper\">\n\t\t\t[vc_single_image image=&#8221;8720&#8243; img_size=&#8221;300&#215;300&#8243; alignment=&#8221;center&#8221; css_animation=&#8221;fadeInUp&#8221;][vc_column_text css_animation=&#8221;fadeInUp&#8221;]<\/p>\n<h4 style=\"text-align: center; color: #80a32b; margin-bottom: 0;\"><b>Margarito P\u00e9rez Cruz<\/b><\/h4>\n<p style=\"text-align: center; font-size: 18px;\">Jardiner\u00eda<\/p>\n<p>[\/vc_column_text]\n\t\t<\/div> <!-- END .wpb_wrapper -->\n\t<\/div> <!-- END  wpb_column vc_column_container  -->\n\n\t<div class=\"vc_col-sm-3 wpb_column vc_column_container \"  data-wow-delay=\"0ms\">\n\t\t<div class=\"wpb_wrapper\">\n\t\t\t[vc_single_image image=&#8221;8727&#8243; img_size=&#8221;300&#215;300&#8243; alignment=&#8221;center&#8221; css_animation=&#8221;fadeInUp&#8221;][vc_column_text css_animation=&#8221;fadeInUp&#8221;]<\/p>\n<h4 style=\"text-align: center; color: #80a32b; margin-bottom: 0;\"><b>C\u00e1ndido Barr\u00f3n Cruz<\/b><\/h4>\n<p style=\"text-align: center; font-size: 18px;\">Jardiner\u00eda<\/p>\n<p>[\/vc_column_text]\n\t\t<\/div> <!-- END .wpb_wrapper -->\n\t<\/div> <!-- END  wpb_column vc_column_container  -->\n\n\t<div class=\"vc_col-sm-3 wpb_column vc_column_container \"  data-wow-delay=\"0ms\">\n\t\t<div class=\"wpb_wrapper\">\n\t\t\t[vc_single_image image=&#8221;8715&#8243; img_size=&#8221;300&#215;300&#8243; alignment=&#8221;center&#8221; css_animation=&#8221;fadeInUp&#8221;][vc_column_text css_animation=&#8221;fadeInUp&#8221;]<\/p>\n<h4 style=\"text-align: center; color: #80a32b; margin-bottom: 0;\"><b>Silvestre Res\u00e9ndiz Cruz<\/b><\/h4>\n<p style=\"text-align: center; font-size: 18px;\">Vigilante<\/p>\n<p>[\/vc_column_text]\n\t\t<\/div> <!-- END .wpb_wrapper -->\n\t<\/div> <!-- END  wpb_column vc_column_container  -->\n[\/vc_row]<\/p>\n","protected":false},"excerpt":{"rendered":"<p>[vc_row gap=&#8221;35&#8243; m_bottom=&#8221;0&#8243; css=&#8221;.vc_custom_1725501549305{margin-top: 80px !important;}&#8221;][\/vc_row][vc_row gap=&#8221;35&#8243; m_bottom=&#8221;0&#8243; css=&#8221;.vc_custom_1725501533803{border-bottom-width: 2px !important;border-bottom-color: #eaeaea !important;border-bottom-style: solid !important;}&#8221;][\/vc_row][vc_row gap=&#8221;35&#8243; m_bottom=&#8221;0&#8243; css=&#8221;.vc_custom_1725501859273{margin-top: 20px !important;}&#8221;][\/vc_row][vc_row gap=&#8221;35&#8243; m_bottom=&#8221;0&#8243;][\/vc_row][vc_row gap=&#8221;35&#8243; m_bottom=&#8221;0&#8243; css=&#8221;.vc_custom_1725577525787{margin-top: 0px !important;border-bottom-width: 2px !important;padding-bottom: 40px !important;border-bottom-color: #eaeaea !important;border-bottom-style: solid !important;}&#8221;][\/vc_row][vc_row gap=&#8221;35&#8243; m_bottom=&#8221;0&#8243; css=&#8221;.vc_custom_1725577759680{margin-top: 20px !important;margin-bottom: 0px !important;padding-bottom: 0px !important;}&#8221;][\/vc_row][vc_row gap=&#8221;35&#8243; m_bottom=&#8221;0&#8243; css=&#8221;.vc_custom_1725577716943{border-bottom-width: 2px !important;padding-top: 20px !important;padding-bottom: 40px !important;border-bottom-color: #eaeaea !important;border-bottom-style: [&hellip;]<\/p>\n","protected":false},"author":1,"featured_media":0,"parent":0,"menu_order":0,"comment_status":"closed","ping_status":"closed","template":"","meta":{"_joinchat":[],"footnotes":""},"class_list":["post-3999","page","type-page","status-publish","hentry"],"_links":{"self":[{"href":"https:\/\/www.vamexico.com\/jb2\/wp-json\/wp\/v2\/pages\/3999","targetHints":{"allow":["GET"]}}],"collection":[{"href":"https:\/\/www.vamexico.com\/jb2\/wp-json\/wp\/v2\/pages"}],"about":[{"href":"https:\/\/www.vamexico.com\/jb2\/wp-json\/wp\/v2\/types\/page"}],"author":[{"embeddable":true,"href":"https:\/\/www.vamexico.com\/jb2\/wp-json\/wp\/v2\/users\/1"}],"replies":[{"embeddable":true,"href":"https:\/\/www.vamexico.com\/jb2\/wp-json\/wp\/v2\/comments?post=3999"}],"version-history":[{"count":10,"href":"https:\/\/www.vamexico.com\/jb2\/wp-json\/wp\/v2\/pages\/3999\/revisions"}],"predecessor-version":[{"id":8890,"href":"https:\/\/www.vamexico.com\/jb2\/wp-json\/wp\/v2\/pages\/3999\/revisions\/8890"}],"wp:attachment":[{"href":"https:\/\/www.vamexico.com\/jb2\/wp-json\/wp\/v2\/media?parent=3999"}],"curies":[{"name":"wp","href":"https:\/\/api.w.org\/{rel}","templated":true}]}}