{"id":7574,"date":"2024-08-20T01:06:43","date_gmt":"2024-08-20T07:06:43","guid":{"rendered":"https:\/\/www.vamexico.com\/jb2\/?page_id=7574"},"modified":"2024-09-13T13:02:11","modified_gmt":"2024-09-13T19:02:11","slug":"tesis-en-el-jardin-botanico","status":"publish","type":"page","link":"https:\/\/www.vamexico.com\/jb2\/tesis-en-el-jardin-botanico\/","title":{"rendered":"Tesis en el Jard\u00edn Bot\u00e1nico"},"content":{"rendered":"<p>[vc_row full_width=&#8221;stretch_row&#8221; gap=&#8221;30&#8243; content_placement=&#8221;middle&#8221; m_bottom=&#8221;0&#8243; css=&#8221;.vc_custom_1724196157593{padding-top: 80px !important;padding-bottom: 60px !important;background-image: url(https:\/\/www.vamexico.com\/jb2\/wp-content\/uploads\/2024\/08\/pattern_02.webp?id=7797) !important;}&#8221;]\n\t<div class=\"vc_col-sm-12 wpb_column vc_column_container \"  data-wow-delay=\"0ms\" data-wow-iteration=\"1\" >\n\t\t<div class=\"wpb_wrapper\">\n\t\t\t[vc_row_inner gap=&#8221;35&#8243; css=&#8221;.vc_custom_1723669243604{margin-bottom: 40px !important;padding-top: 0px !important;padding-right: 40px !important;padding-bottom: 10px !important;padding-left: 40px !important;}&#8221;]\n\t<div class=\"vc_col-sm-3 wpb_column vc_column_container \"  data-wow-delay=\"0ms\">\n\t\t<div class=\"wpb_wrapper\">\n\t\t\t[ivan_button link=&#8221;https:\/\/www.vamexico.com\/jb2\/libros\/&#8221; size=&#8221;x-large&#8221; border_r=&#8221;square&#8221; display=&#8221;btn-block&#8221; align=&#8221;to-center&#8221; animation=&#8221;fadeInUp&#8221; animation_iteration=&#8221;1&#8243; c_id=&#8221;.vc_1724196590048&#8243; btn_css=&#8221;color:#000000;width:100%;color-hover:#ffffff;background-color:#ffffff;background-color-hover:#80952b;border-top-left-radius:0px;border-top-right-radius:0px;border-bottom-left-radius:0px;border-bottom-right-radius:0px;border-top-width:0px;border-bottom-width:0px;border-left-width:0px;border-right-width:0px;&#8221; el_class=&#8221;sombra-fichas&#8221;]LIBROS DEL JARD\u00cdN BOT\u00c1NICO[\/ivan_button]\n\t\t<\/div> <!-- END .wpb_wrapper -->\n\t<\/div> <!-- END  wpb_column vc_column_container  -->\n\n\t<div class=\"vc_col-sm-3 wpb_column vc_column_container \"  data-wow-delay=\"0ms\">\n\t\t<div class=\"wpb_wrapper\">\n\t\t\t[ivan_button link=&#8221;https:\/\/www.vamexico.com\/jb2\/cuadernillos\/&#8221; size=&#8221;x-large&#8221; border_r=&#8221;square&#8221; display=&#8221;btn-block&#8221; align=&#8221;to-center&#8221; animation_iteration=&#8221;1&#8243; c_id=&#8221;.vc_1724196600001&#8243; btn_css=&#8221;color:#000000;width:100%;color-hover:#ffffff;background-color:#ffffff;background-color-hover:#809b2b;border-top-left-radius:0px;border-top-right-radius:0px;border-bottom-left-radius:0px;border-bottom-right-radius:0px;border-top-width:0px;border-bottom-width:0px;border-left-width:0px;border-right-width:0px;&#8221; el_class=&#8221;sombra-fichas&#8221;]CUADERNILLOS DEL JBRC[\/ivan_button]\n\t\t<\/div> <!-- END .wpb_wrapper -->\n\t<\/div> <!-- END  wpb_column vc_column_container  -->\n\n\t<div class=\"vc_col-sm-3 wpb_column vc_column_container \"  data-wow-delay=\"0ms\">\n\t\t<div class=\"wpb_wrapper\">\n\t\t\t[ivan_button link=&#8221;https:\/\/www.vamexico.com\/jb2\/articulos-de-divulgacion\/&#8221; size=&#8221;x-large&#8221; border_r=&#8221;square&#8221; display=&#8221;btn-block&#8221; align=&#8221;to-center&#8221; animation_iteration=&#8221;1&#8243; c_id=&#8221;.vc_1724196610304&#8243; btn_css=&#8221;color:#000000;width:100%;color-hover:#ffffff;background-color:#ffffff;background-color-hover:#809b2b;border-top-left-radius:0px;border-top-right-radius:0px;border-bottom-left-radius:0px;border-bottom-right-radius:0px;border-top-width:0px;border-bottom-width:0px;border-left-width:0px;border-right-width:0px;&#8221; el_class=&#8221;sombra-fichas&#8221;]ART\u00cdCULOS DE DIVULGACI\u00d3N[\/ivan_button]\n\t\t<\/div> <!-- END .wpb_wrapper -->\n\t<\/div> <!-- END  wpb_column vc_column_container  -->\n\n\t<div class=\"vc_col-sm-3 wpb_column vc_column_container \"  data-wow-delay=\"0ms\">\n\t\t<div class=\"wpb_wrapper\">\n\t\t\t[ivan_button link=&#8221;https:\/\/www.vamexico.com\/jb2\/tesis-en-el-jardin-botanico\/&#8221; size=&#8221;x-large&#8221; border_r=&#8221;square&#8221; display=&#8221;btn-block&#8221; align=&#8221;to-center&#8221; animation_iteration=&#8221;1&#8243; c_id=&#8221;.vc_1724196619923&#8243; btn_css=&#8221;color:#ffffff;width:100%;color-hover:#ffffff;background-color:#80952b;background-color-hover:#4e681c;border-top-left-radius:0px;border-top-right-radius:0px;border-bottom-left-radius:0px;border-bottom-right-radius:0px;border-top-width:0px;border-bottom-width:0px;border-left-width:0px;border-right-width:0px;&#8221; el_class=&#8221;sombra-fichas&#8221;]TESIS EN EL JARD\u00cdN BOT\u00c1NICO[\/ivan_button]\n\t\t<\/div> <!-- END .wpb_wrapper -->\n\t<\/div> <!-- END  wpb_column vc_column_container  -->\n[\/vc_row_inner][vc_row_inner css=&#8221;.vc_custom_1724147649478{margin-bottom: 80px !important;padding-top: 80px !important;padding-right: 80px !important;padding-bottom: 80px !important;padding-left: 80px !important;background: #eff1ef url(https:\/\/www.vamexico.com\/jb2\/wp-content\/uploads\/2024\/08\/jbrc-img-tesis.png?id=7577) !important;background-position: 0 0 !important;background-repeat: no-repeat !important;}&#8221; el_class=&#8221;sombra-fichas&#8221;]\n\t<div class=\"vc_col-sm-3 wpb_column vc_column_container \"  data-wow-delay=\"0ms\">\n\t\t<div class=\"wpb_wrapper\">\n\t\t\t\n\t\t<\/div> <!-- END .wpb_wrapper -->\n\t<\/div> <!-- END  wpb_column vc_column_container  -->\n\n\t<div class=\"vc_col-sm-9 wpb_column vc_column_container \"  data-wow-delay=\"0ms\">\n\t\t<div class=\"wpb_wrapper\">\n\t\t\t[ivan_title title_tag=&#8221;h4&#8243; align=&#8221;left&#8221; animation_iteration=&#8221;1&#8243; c_id=&#8221;.vc_1724138003292&#8243; title_css=&#8221;color:#80942b;&#8221;]TRABAJOS DE TESIS Y ART\u00cdCULOS CIENT\u00cdFICOS DERIVADOS DE TESIS REALIZADAS EN EL JARD\u00cdN BOT\u00c1NICO REGIONAL DE CADEREYTA, Y\/O ZONA \u00c1RIDA QUERETANO-HIDALGUENSE.[\/ivan_title][vc_column_text]<\/p>\n<p style=\"font-size: 20px; color: #808080; font-weight: 400; line-height: 24px;\">Estos trabajos pertenecen a estudiantes afiliados a la tutela de nuestros socios acad\u00e9micos de la <strong>Universidad Nacional Aut\u00f3noma de M\u00e9xico y a la Universidad Aut\u00f3noma Metropolitana-Xochimilco,<\/strong> principalmente; am\u00e9n de otros v\u00ednculos espor\u00e1dicos.<\/p>\n<p>[\/vc_column_text]\n\t\t<\/div> <!-- END .wpb_wrapper -->\n\t<\/div> <!-- END  wpb_column vc_column_container  -->\n[\/vc_row_inner][vc_row_inner css=&#8221;.vc_custom_1723664700082{margin-bottom: 40px !important;padding-top: 40px !important;padding-right: 40px !important;padding-bottom: 10px !important;padding-left: 40px !important;background-color: #ffffff !important;}&#8221; el_class=&#8221;sombra-fichas&#8221;]\n\t<div class=\"vc_col-sm-12 wpb_column vc_column_container \"  data-wow-delay=\"0ms\">\n\t\t<div class=\"wpb_wrapper\">\n\t\t\t[vc_column_text]<\/p>\n<table class=\"tg\" width=\"100%\">\n<thead>\n<tr>\n<th class=\"tg-rfs\">A\u00d1O<\/th>\n<th class=\"tg-rfs\">TESIS<\/th>\n<th class=\"tg-rfs\">AUTOR(ES)<\/th>\n<th class=\"tg-rfs\">CATEGOR\u00cdA<\/th>\n<th class=\"tg-rfs\" style=\"text-align: center;\">LEER<\/th>\n<\/tr>\n<\/thead>\n<tbody>\n<tr style=\"background: #f9f9f9;\">\n<td class=\"tg-0pky\">2023<\/td>\n<td class=\"tg-0pky\">Maestr\u00eda<\/td>\n<td class=\"tg-0pky\">Mario A. Sandoval Molina<\/td>\n<td class=\"tg-0pky\">Plant sex changes the outcome of ant\u2013 plant interactions in a facultative myrmecophytic cactus.<\/td>\n<td class=\"tg-0pky\"><a href=\"https:\/\/besjournals.onlinelibrary.wiley.com\/doi\/abs\/10.1111\/1365-2435.14267\" target=\"_blank\" rel=\"noopener\"><button class=\"boton-tabla\">CONSULTAR<\/button><\/a><\/td>\n<\/tr>\n<tr>\n<td class=\"tg-0pky\">2023<\/td>\n<td class=\"tg-0pky\">Maestr\u00eda<\/td>\n<td class=\"tg-0pky\">Gerardo Manzanarez Villasana<\/td>\n<td class=\"tg-0pky\">Efecto del flujo de polen en la biolog\u00eda reproductiva y estructura poblacional de los morfos florales de Opuntia streptacantha Lem. (Cactaceae)<\/td>\n<td class=\"tg-0pky\"><a href=\"https:\/\/ru.dgb.unam.mx\/jspui\/bitstream\/20.500.14330\/TES01000849685\/3\/0849685.pdf\" target=\"_blank\" rel=\"noopener\"><button class=\"boton-tabla\">CONSULTAR<\/button><\/a><\/td>\n<\/tr>\n<tr style=\"background: #f9f9f9;\">\n<td class=\"tg-0pky\">2023<\/td>\n<td class=\"tg-0pky\">Licenciatura<\/td>\n<td class=\"tg-0pky\">Yucel Yamiret Varela Trujillo<\/td>\n<td class=\"tg-0pky\">Efecto del vecindario reproductivo y proporci\u00f3n sexual en la adecuaci\u00f3n de <em>Opuntia robusta<\/em> J.C. Wendl (Cactaceae) en Cadereyta de Montes, Quer\u00e9taro, M\u00e9xico.<\/td>\n<td class=\"tg-0pky\"><a href=\"https:\/\/ru.dgb.unam.mx\/bitstream\/20.500.14330\/TES01000837248\/3\/0837248.pdf\" target=\"_blank\" rel=\"noopener\"><button class=\"boton-tabla\">CONSULTAR<\/button><\/a><\/td>\n<\/tr>\n<tr>\n<td class=\"tg-0pky\">2022<\/td>\n<td class=\"tg-0pky\">Doctorado<\/td>\n<td class=\"tg-0pky\">Donaj\u00ed L\u00f3pez Flores<\/td>\n<td class=\"tg-0pky\">Estrategias de conservaci\u00f3n en cact\u00e1ceas amenazadas usando modelos poblacionales<\/td>\n<td class=\"tg-0pky\"><a href=\"#\" target=\"_blank\" rel=\"noopener\"><button class=\"boton-tabla\">CONSULTAR<\/button><\/a><\/td>\n<\/tr>\n<tr style=\"background: #f9f9f9;\">\n<td class=\"tg-0pky\">2022<\/td>\n<td class=\"tg-0pky\">Licenciatura<\/td>\n<td class=\"tg-0pky\">Jos\u00e9 Mar\u00eda Casanova Celis<\/td>\n<td class=\"tg-0pky\">An\u00e1lisis poblacional de <em>Neolloydia conoidea<\/em> (DC.) Britton &amp; Rose (Cactaceae) en una localidad de Cadereyta de Montes, Quer\u00e9taro: un acercamiento a su conservaci\u00f3n<\/td>\n<td class=\"tg-0pky\"><a href=\"https:\/\/ru.dgb.unam.mx\/handle\/20.500.14330\/TES01000828093\" target=\"_blank\" rel=\"noopener\"><button class=\"boton-tabla\">CONSULTAR<\/button><\/a><\/td>\n<\/tr>\n<tr>\n<td class=\"tg-0pky\">2022<\/td>\n<td class=\"tg-0pky\">Licenciatura<\/td>\n<td class=\"tg-0pky\">Jonathan V. Sol\u00f3rzano<\/td>\n<td class=\"tg-0pky\">Prescriptions for the Control of a Clonal Invasive Species Using Demographic Models<\/td>\n<td class=\"tg-0pky\"><a href=\"https:\/\/www.mdpi.com\/2223-7747\/11\/5\/689\" target=\"_blank\" rel=\"noopener\"><button class=\"boton-tabla\">CONSULTAR<\/button><\/a><\/td>\n<\/tr>\n<tr style=\"background: #f9f9f9;\">\n<td class=\"tg-0pky\">2022<\/td>\n<td class=\"tg-0pky\">Maestr\u00eda<\/td>\n<td class=\"tg-0pky\">Magda Argueta Guzm\u00e1n<\/td>\n<td class=\"tg-0pky\">The role of seasonality and disturbance in bee\u2013plant interactions in semi-arid communities of the southern Chihuahuan desert<\/td>\n<td class=\"tg-0pky\"><a href=\"https:\/\/resjournals.onlinelibrary.wiley.com\/doi\/full\/10.1111\/icad.12572\" target=\"_blank\" rel=\"noopener\"><button class=\"boton-tabla\">CONSULTAR<\/button><\/a><\/td>\n<\/tr>\n<tr>\n<td class=\"tg-0pky\">2021<\/td>\n<td class=\"tg-0pky\">Licenciatura<\/td>\n<td class=\"tg-0pky\">Mariana Paola Bravo Correa<\/td>\n<td class=\"tg-0pky\">Efecto del dioicismo en la morfolog\u00eda floral de los sexos de <em>Opuntia robusta<\/em> Wendl. (Cactaceae)<\/td>\n<td class=\"tg-0pky\"><a href=\"#\" target=\"_blank\" rel=\"noopener\"><button class=\"boton-tabla\">CONSULTAR<\/button><\/a><\/td>\n<\/tr>\n<tr style=\"background: #f9f9f9;\">\n<td class=\"tg-0pky\">2021<\/td>\n<td class=\"tg-0pky\">Licenciatura<\/td>\n<td class=\"tg-0pky\">Yolanda de Jes\u00fas Romero<\/td>\n<td class=\"tg-0pky\">Eficiencia de los polinizadores de <em>Opuntia robusta<\/em>\u201d Wendland. (Cactaceae) en el Jard\u00edn Bot\u00e1nico Regional de Cadereyta, Quer\u00e9taro, M\u00e9xico<\/td>\n<td class=\"tg-0pky\"><a href=\"https:\/\/ru.dgb.unam.mx\/bitstream\/20.500.14330\/TES01000815456\/3\/0815456.pdf\" target=\"_blank\" rel=\"noopener\"><button class=\"boton-tabla\">CONSULTAR<\/button><\/a><\/td>\n<\/tr>\n<tr>\n<td class=\"tg-0pky\">2020<\/td>\n<td class=\"tg-0pky\">Maestr\u00eda<\/td>\n<td class=\"tg-0pky\">Sandra L\u00f3pez Grether<\/td>\n<td class=\"tg-0pky\">Biolog\u00eda de poblaciones de una especie ex\u00f3tica-invasora en el semidesierto Quer\u00e9taro, M\u00e9xico<\/td>\n<td class=\"tg-0pky\"><a href=\"https:\/\/ru.dgb.unam.mx\/handle\/20.500.14330\/TES01000799363\" target=\"_blank\" rel=\"noopener\"><button class=\"boton-tabla\">CONSULTAR<\/button><\/a><\/td>\n<\/tr>\n<tr style=\"background: #f9f9f9;\">\n<td class=\"tg-0pky\">2020<\/td>\n<td class=\"tg-0pky\">Licenciatura<\/td>\n<td class=\"tg-0pky\">Gerardo Manzanarez Villasana<\/td>\n<td class=\"tg-0pky\">Variaci\u00f3n morfol\u00f3gica y fenolog\u00eda reproductiva de morfos florales de <em>Opuntia streptacantha<\/em> Lem. (Cactaceae), en Cadereyta de Montes, Quer\u00e9taro, M\u00e9xico<\/td>\n<td class=\"tg-0pky\"><a href=\"https:\/\/ru.dgb.unam.mx\/jspui\/bitstream\/20.500.14330\/TES01000803511\/3\/0803511.pdf\" target=\"_blank\" rel=\"noopener\"><button class=\"boton-tabla\">CONSULTAR<\/button><\/a><\/td>\n<\/tr>\n<tr>\n<td class=\"tg-0pky\">2020<\/td>\n<td class=\"tg-0pky\">Licenciatura<\/td>\n<td class=\"tg-0pky\">Laura Yasmin Rodas Pineda<\/td>\n<td class=\"tg-0pky\">Biolog\u00eda floral y visitantes florales de <em>Cylindropuntia imbricata<\/em> (Haw) en una poblaci\u00f3n del semidesierto queretano<\/td>\n<td class=\"tg-0pky\"><a href=\"#\" target=\"_blank\" rel=\"noopener\"><button class=\"boton-tabla\">CONSULTAR<\/button><\/a><\/td>\n<\/tr>\n<tr style=\"background: #f9f9f9;\">\n<td class=\"tg-0pky\">2019<\/td>\n<td class=\"tg-0pky\">Maestr\u00eda<\/td>\n<td class=\"tg-0pky\">Diana C\u00e1rdenas Ramos<\/td>\n<td class=\"tg-0pky\">Florivor\u00eda en <em>Opuntia cantabrigiensis<\/em> Lynch (Cactaceae), en Cadereyta de Montes, Quer\u00e9taro<\/td>\n<td class=\"tg-0pky\"><a href=\"https:\/\/ru.dgb.unam.mx\/bitstream\/20.500.14330\/TES01000789416\/3\/0789416.pdf\" target=\"_blank\" rel=\"noopener\"><button class=\"boton-tabla\">CONSULTAR<\/button><\/a><\/td>\n<\/tr>\n<tr>\n<td class=\"tg-0pky\">2019<\/td>\n<td class=\"tg-0pky\">Licenciatura<\/td>\n<td class=\"tg-0pky\">Lucy G\u00f3mez Vite<\/td>\n<td class=\"tg-0pky\">Determinaci\u00f3n de la eficiencia de los polinizadores de <em>Opuntia cantabrigiensis<\/em> Lynch. (Cactaceae) en una poblaci\u00f3n de Cadereyta de Montes, Quer\u00e9taro, M\u00e9xico<\/td>\n<td class=\"tg-0pky\"><a href=\"https:\/\/ru.dgb.unam.mx\/bitstream\/20.500.14330\/TES01000798630\/3\/0798630.pdf\" target=\"_blank\" rel=\"noopener\"><button class=\"boton-tabla\">CONSULTAR<\/button><\/a><\/td>\n<\/tr>\n<tr style=\"background: #f9f9f9;\">\n<td class=\"tg-0pky\">2019<\/td>\n<td class=\"tg-0pky\">Maestr\u00eda<\/td>\n<td class=\"tg-0pky\">Citlali Hypatia Mendoza Reyes<\/td>\n<td class=\"tg-0pky\">Biolog\u00eda reproductiva de <em>Opuntia robusta<\/em> Wendl. en dos poblaciones del Estado de Hidalgo<\/td>\n<td class=\"tg-0pky\"><a href=\"https:\/\/ru.dgb.unam.mx\/bitstream\/20.500.14330\/TES01000791539\/3\/0791539.pdf\" target=\"_blank\" rel=\"noopener\"><button class=\"boton-tabla\">CONSULTAR<\/button><\/a><\/td>\n<\/tr>\n<tr>\n<td class=\"tg-0pky\">2018<\/td>\n<td class=\"tg-0pky\">Licenciatura<\/td>\n<td class=\"tg-0pky\">Ilse Citlalli Alonso Anaya<\/td>\n<td class=\"tg-0pky\">Germinaci\u00f3n y crecimiento de <em>Dasylirion acrotrichum<\/em> (Schiede) Zucc. (Nolinaceeae), una especie de uso ancestral del semidesierto otom\u00ed<\/td>\n<td class=\"tg-0pky\"><a href=\"https:\/\/ru.dgb.unam.mx\/bitstream\/20.500.14330\/TES01000772106\/3\/0772106.pdf\" target=\"_blank\" rel=\"noopener\"><button class=\"boton-tabla\">CONSULTAR<\/button><\/a><\/td>\n<\/tr>\n<tr style=\"background: #f9f9f9;\">\n<td class=\"tg-0pky\">2018<\/td>\n<td class=\"tg-0pky\">Licenciatura<\/td>\n<td class=\"tg-0pky\">Damaris Mor\u00f3n Torres<\/td>\n<td class=\"tg-0pky\">Diagn\u00f3stico y control de la infestaci\u00f3n de <em>Tillandsia recurvata<\/em> (L.) L. como plaga de le\u00f1osas, en el Jard\u00edn Bot\u00e1nico de Cadereyta de Montes, Quer\u00e9taro, M\u00e9xico<\/td>\n<td class=\"tg-0pky\"><a href=\"https:\/\/ru.dgb.unam.mx\/bitstream\/20.500.14330\/TES01000765254\/3\/0765254.pdf\" target=\"_blank\" rel=\"noopener\"><button class=\"boton-tabla\">CONSULTAR<\/button><\/a><\/td>\n<\/tr>\n<tr>\n<td class=\"tg-0pky\">2018<\/td>\n<td class=\"tg-0pky\">Licenciatura<\/td>\n<td class=\"tg-0pky\">Alejandro Moyers Rodr\u00edguez<\/td>\n<td class=\"tg-0pky\">Efecto de <em>Tillandsia recurvata<\/em> (L.) L. (Bromeliacae) como par\u00e1sito estructural de Opuntia streptacantha Lem. (Cactaceae) y propuesta de control en Cadereyta de Montes, Quer\u00e9taro, M\u00e9xico<\/td>\n<td class=\"tg-0pky\"><a href=\"https:\/\/ru.dgb.unam.mx\/bitstream\/20.500.14330\/TES01000780349\/3\/0780349.pdf\" target=\"_blank\" rel=\"noopener\"><button class=\"boton-tabla\">CONSULTAR<\/button><\/a><\/td>\n<\/tr>\n<tr style=\"background: #f9f9f9;\">\n<td class=\"tg-0pky\">2017<\/td>\n<td class=\"tg-0pky\">Maestr\u00eda<\/td>\n<td class=\"tg-0pky\">Magda Paola Argueta Guzm\u00e1n<\/td>\n<td class=\"tg-0pky\">Redes de interacci\u00f3n abeja-planta en sitios con distinto grado de disturbio en zonas secas de Quer\u00e9taro, M\u00e9xico<\/td>\n<td class=\"tg-0pky\"><a href=\"https:\/\/ru.dgb.unam.mx\/bitstream\/20.500.14330\/TES01000766937\/3\/0766937.pdf\" target=\"_blank\" rel=\"noopener\"><button class=\"boton-tabla\">CONSULTAR<\/button><\/a><\/td>\n<\/tr>\n<tr>\n<td class=\"tg-0pky\">2017<\/td>\n<td class=\"tg-0pky\">Licenciatura<\/td>\n<td class=\"tg-0pky\">Mariana Cano Rodr\u00edguez<\/td>\n<td class=\"tg-0pky\">Biolog\u00eda floral y uso de <em>Myrtillocactus geometrizans<\/em> (Mart. ex. Pfeiff.) Console (Cactaceae) en Cadereyta de Montes Quer\u00e9taro, M\u00e9xico<\/td>\n<td class=\"tg-0pky\"><a href=\"https:\/\/ru.dgb.unam.mx\/bitstream\/20.500.14330\/TES01000760529\/3\/0760529.pdf\" target=\"_blank\" rel=\"noopener\"><button class=\"boton-tabla\">CONSULTAR<\/button><\/a><\/td>\n<\/tr>\n<tr style=\"background: #f9f9f9;\">\n<td class=\"tg-0pky\">2017<\/td>\n<td class=\"tg-0pky\">Maestr\u00eda<\/td>\n<td class=\"tg-0pky\">Oscar Sandino Guerrero Eloisa<\/td>\n<td class=\"tg-0pky\">Evaluaci\u00f3n en el establecimiento y control mec\u00e1nico de la especie ex\u00f3tica invasora <em>Asphodelus fistulosus<\/em> (L.) en el municipio de Cadereyta de Montes, Quer\u00e9taro<\/td>\n<td class=\"tg-0pky\"><a href=\"https:\/\/repositorio.xoc.uam.mx\/jspui\/handle\/123456789\/26568\" target=\"_blank\" rel=\"noopener\"><button class=\"boton-tabla\">CONSULTAR<\/button><\/a><\/td>\n<\/tr>\n<tr>\n<td class=\"tg-0pky\">2017<\/td>\n<td class=\"tg-0pky\">Licenciatura<\/td>\n<td class=\"tg-0pky\">Quetzalli Guadalupe Padilla Soto<\/td>\n<td class=\"tg-0pky\">Estrategias reproductivas para el establecimiento de <em>Cylindropuntia imbricata<\/em> en el Jard\u00edn Bot\u00e1nico Regional de Cadereyta de Montes, Quer\u00e9taro, M\u00e9xico<\/td>\n<td class=\"tg-0pky\"><a href=\"https:\/\/ru.dgb.unam.mx\/jspui\/bitstream\/20.500.14330\/TES01000758850\/3\/0758850.pdf\" target=\"_blank\" rel=\"noopener\"><button class=\"boton-tabla\">CONSULTAR<\/button><\/a><\/td>\n<\/tr>\n<tr style=\"background: #f9f9f9;\">\n<td class=\"tg-0pky\">2016<\/td>\n<td class=\"tg-0pky\">Licenciatura<\/td>\n<td class=\"tg-0pky\">Linda Mariana Mart\u00ednez Ramos<\/td>\n<td class=\"tg-0pky\">Flujo de polen de <em>Opuntia tomentosa<\/em> Salm-Dick en Cadereyta de Montes, Quer\u00e9taro, M\u00e9xico<\/td>\n<td class=\"tg-0pky\"><a href=\"https:\/\/ru.dgb.unam.mx\/bitstream\/20.500.14330\/TES01000746353\/3\/0746353.pdf\" target=\"_blank\" rel=\"noopener\"><button class=\"boton-tabla\">CONSULTAR<\/button><\/a><\/td>\n<\/tr>\n<tr>\n<td class=\"tg-0pky\">2016<\/td>\n<td class=\"tg-0pky\">Maestr\u00eda<\/td>\n<td class=\"tg-0pky\">Esteban Omar Mungu\u00eda Soto<\/td>\n<td class=\"tg-0pky\">Facilitaci\u00f3n en la polinizaci\u00f3n por abejas generalistas y especialistas de cact\u00e1ceas del Semidesierto de Quer\u00e9taro<\/td>\n<td class=\"tg-0pky\"><a href=\"http:\/\/tesiuami.izt.uam.mx\/uam\/aspuam\/presentatesis.php?recno=17765&amp;docs=UAMI17765.pdf\" target=\"_blank\" rel=\"noopener\"><button class=\"boton-tabla\">CONSULTAR<\/button><\/a><\/td>\n<\/tr>\n<tr style=\"background: #f9f9f9;\">\n<td class=\"tg-0pky\">2014<\/td>\n<td class=\"tg-0pky\">Tesina<\/td>\n<td class=\"tg-0pky\">Diego Barrales Alcal\u00e1<\/td>\n<td class=\"tg-0pky\">Caracterizaci\u00f3n de la entomofauna asociada a la floraci\u00f3n de <em>Agave salmiana<\/em> B. Otto ex Salm-Dyck (AGAVACEAE) en Cadereyta de Montes, Quer\u00e9taro, M\u00e9xico<\/td>\n<td class=\"tg-0pky\"><a href=\"#\" target=\"_blank\" rel=\"noopener\"><button class=\"boton-tabla\">CONSULTAR<\/button><\/a><\/td>\n<\/tr>\n<tr>\n<td class=\"tg-0pky\">2013<\/td>\n<td class=\"tg-0pky\">Maestr\u00eda<\/td>\n<td class=\"tg-0pky\">Aldanelly Galicia P\u00e9rez<\/td>\n<td class=\"tg-0pky\">Estudios sobre los sistemas de autoincompatibilidad presentes en <em>Opuntia tomentosa<\/em> Salm-Dyck (Cactaceae)<\/td>\n<td class=\"tg-0pky\"><a href=\"#\" target=\"_blank\" rel=\"noopener\"><button class=\"boton-tabla\">CONSULTAR<\/button><\/a><\/td>\n<\/tr>\n<tr style=\"background: #f9f9f9;\">\n<td class=\"tg-0pky\">2013<\/td>\n<td class=\"tg-0pky\">Licenciatura<\/td>\n<td class=\"tg-0pky\">Magda Paola Argueta Guzm\u00e1n<\/td>\n<td class=\"tg-0pky\">Sistema reproductivo y visitantes florales de <em>Zephyranthes carinata<\/em> Herb (Asparagales: Amaryllidaceae). Cact\u00e1ceas y Suculentas Mexicanas 58(4):100-117<\/td>\n<td class=\"tg-0pky\"><a href=\"https:\/\/biblat.unam.mx\/hevila\/Cactaceasysuculentasmexicanas\/2013\/vol58\/no4\/1.pdf\" target=\"_blank\" rel=\"noopener\"><button class=\"boton-tabla\">CONSULTAR<\/button><\/a><\/td>\n<\/tr>\n<tr>\n<td class=\"tg-0pky\">2010<\/td>\n<td class=\"tg-0pky\">Licenciatura<\/td>\n<td class=\"tg-0pky\">Ver\u00f3nica Noem\u00ed Zepeda Mart\u00ednez<\/td>\n<td class=\"tg-0pky\">Ecolog\u00eda de poblaciones y asociaci\u00f3n nodriza-protegido de <em>Astrophytum ornatum<\/em> (DC.) F. A. C. Weber ex Britton &amp; Rose (Cactaceae) en Quer\u00e9taro, M\u00e9xico<\/td>\n<td class=\"tg-0pky\"><a href=\"https:\/\/ru.dgb.unam.mx\/bitstream\/20.500.14330\/TES01000652921\/3\/0652921_A1.pdf\" target=\"_blank\" rel=\"noopener\"><button class=\"boton-tabla\">CONSULTAR<\/button><\/a><\/td>\n<\/tr>\n<\/tbody>\n<\/table>\n<p>[\/vc_column_text]\n\t\t<\/div> <!-- END .wpb_wrapper -->\n\t<\/div> <!-- END  wpb_column vc_column_container  -->\n[\/vc_row_inner]\n\t\t<\/div> <!-- END .wpb_wrapper -->\n\t<\/div> <!-- END  wpb_column vc_column_container  -->\n[\/vc_row]<\/p>\n","protected":false},"excerpt":{"rendered":"<p>[vc_row full_width=&#8221;stretch_row&#8221; gap=&#8221;30&#8243; content_placement=&#8221;middle&#8221; m_bottom=&#8221;0&#8243; css=&#8221;.vc_custom_1724196157593{padding-top: 80px !important;padding-bottom: 60px !important;background-image: url(https:\/\/www.vamexico.com\/jb2\/wp-content\/uploads\/2024\/08\/pattern_02.webp?id=7797) !important;}&#8221;][\/vc_row]<\/p>\n","protected":false},"author":1,"featured_media":0,"parent":0,"menu_order":0,"comment_status":"closed","ping_status":"closed","template":"","meta":{"_joinchat":[],"footnotes":""},"class_list":["post-7574","page","type-page","status-publish","hentry"],"_links":{"self":[{"href":"https:\/\/www.vamexico.com\/jb2\/wp-json\/wp\/v2\/pages\/7574","targetHints":{"allow":["GET"]}}],"collection":[{"href":"https:\/\/www.vamexico.com\/jb2\/wp-json\/wp\/v2\/pages"}],"about":[{"href":"https:\/\/www.vamexico.com\/jb2\/wp-json\/wp\/v2\/types\/page"}],"author":[{"embeddable":true,"href":"https:\/\/www.vamexico.com\/jb2\/wp-json\/wp\/v2\/users\/1"}],"replies":[{"embeddable":true,"href":"https:\/\/www.vamexico.com\/jb2\/wp-json\/wp\/v2\/comments?post=7574"}],"version-history":[{"count":10,"href":"https:\/\/www.vamexico.com\/jb2\/wp-json\/wp\/v2\/pages\/7574\/revisions"}],"predecessor-version":[{"id":9327,"href":"https:\/\/www.vamexico.com\/jb2\/wp-json\/wp\/v2\/pages\/7574\/revisions\/9327"}],"wp:attachment":[{"href":"https:\/\/www.vamexico.com\/jb2\/wp-json\/wp\/v2\/media?parent=7574"}],"curies":[{"name":"wp","href":"https:\/\/api.w.org\/{rel}","templated":true}]}}