{"id":7595,"date":"2024-08-20T02:09:51","date_gmt":"2024-08-20T08:09:51","guid":{"rendered":"https:\/\/www.vamexico.com\/jb2\/?page_id=7595"},"modified":"2024-09-05T17:54:02","modified_gmt":"2024-09-05T23:54:02","slug":"publicaciones","status":"publish","type":"page","link":"https:\/\/www.vamexico.com\/jb2\/publicaciones\/","title":{"rendered":"Publicaciones"},"content":{"rendered":"<p>[vc_row full_width=&#8221;stretch_row&#8221; gap=&#8221;30&#8243; content_placement=&#8221;middle&#8221; m_bottom=&#8221;0&#8243; css=&#8221;.vc_custom_1724141768602{margin-bottom: 0px !important;padding-top: 60px !important;padding-bottom: 0px !important;background-color: #809b2b !important;}&#8221;]\n\t<div class=\"vc_col-sm-3 wpb_column vc_column_container  vc_custom_1724141731327\"  data-wow-delay=\"0ms\" data-wow-iteration=\"1\" >\n\t\t<div class=\"wpb_wrapper\">\n\t\t\t[vc_single_image image=&#8221;7598&#8243; img_size=&#8221;full&#8221; css_animation=&#8221;fadeInUp&#8221; css=&#8221;.vc_custom_1724141634966{margin-bottom: 0px !important;}&#8221;]\n\t\t<\/div> <!-- END .wpb_wrapper -->\n\t<\/div> <!-- END  wpb_column vc_column_container  -->\n\n\t<div class=\"vc_col-sm-9 wpb_column vc_column_container \"  data-wow-delay=\"0ms\">\n\t\t<div class=\"wpb_wrapper\">\n\t\t\t[vc_column_text css_animation=&#8221;fadeInUp&#8221; c_id=&#8221;.vc_1491415416578&#8243;]<\/p>\n<p style=\"font-size: 20px; color: #fff; font-weight: 400; line-height: 28px;\">Nutrimos un programa de <strong>publicaciones tanto de divulgaci\u00f3n como de difusi\u00f3n,<\/strong> en conjunto con informes t\u00e9cnicos que comunican conocimiento \u00fatil para el fin de la conservaci\u00f3n. <strong>Hemos publicado o presentado cientos de textos<\/strong> que se encuentran en revistas gen\u00e9ricas y especializadas, as\u00ed como en una serie de producciones propias (libros y libelos) denominadas Cuadernillos de Jard\u00edn Bot\u00e1nico Regional de Cadereyta, cuyo fin ulterior es presentar ideas para alinear el pensamiento con la naturaleza.<strong> Las publicaciones del jard\u00edn bot\u00e1nico han sido desplegadas en distintos pa\u00edses del mundo, en varios idiomas.<\/strong><\/p>\n<p>[\/vc_column_text]\n\t\t<\/div> <!-- END .wpb_wrapper -->\n\t<\/div> <!-- END  wpb_column vc_column_container  -->\n[\/vc_row][vc_row full_width=&#8221;stretch_row_content_no_spaces&#8221; css=&#8221;.vc_custom_1724144231801{margin-bottom: 0px !important;}&#8221;]\n\t<div class=\"vc_col-sm-6 wpb_column vc_column_container  vc_custom_1724144220151\"  data-wow-delay=\"0ms\" data-wow-iteration=\"1\" >\n\t\t<div class=\"wpb_wrapper\">\n\t\t\t[ivan_promo_box hover_effect=&#8221;dark-overlay&#8221; title=&#8221;LIBROS&#8221; button_link=&#8221;url:https%3A%2F%2Fwww.vamexico.com%2Fjb2%2Flibros%2F&#8221; animation_iteration=&#8221;1&#8243; c_id=&#8221;.vc_1725580439608&#8243; css=&#8221;.vc_custom_1725580439608{padding-top: 180px !important;padding-bottom: 180px !important;background-image: url(https:\/\/www.vamexico.com\/jb2\/wp-content\/uploads\/2024\/09\/libros-1.jpg?id=8918) !important;background-position: center !important;background-repeat: no-repeat !important;background-size: cover !important;}&#8221;]VER M\u00c1S[\/ivan_promo_box][ivan_promo_box hover_effect=&#8221;dark-overlay&#8221; title=&#8221;ART\u00cdCULOS DE DIVULGACI\u00d3N&#8221; button_link=&#8221;url:https%3A%2F%2Fwww.vamexico.com%2Fjb2%2Farticulos-de-divulgacion%2F&#8221; animation_iteration=&#8221;1&#8243; c_id=&#8221;.vc_1724144025269&#8243; css=&#8221;.vc_custom_1724144025269{padding-top: 180px !important;padding-bottom: 180px !important;background-image: url(https:\/\/www.vamexico.com\/jb2\/wp-content\/uploads\/2024\/08\/jbrc-publicaciones-03.jpg?id=7616) !important;background-position: center !important;background-repeat: no-repeat !important;background-size: cover !important;}&#8221;]VER M\u00c1S[\/ivan_promo_box]\n\t\t<\/div> <!-- END .wpb_wrapper -->\n\t<\/div> <!-- END  wpb_column vc_column_container  -->\n\n\t<div class=\"vc_col-sm-6 wpb_column vc_column_container  vc_custom_1724144226644\"  data-wow-delay=\"0ms\" data-wow-iteration=\"1\" >\n\t\t<div class=\"wpb_wrapper\">\n\t\t\t[ivan_promo_box hover_effect=&#8221;dark-overlay&#8221; title=&#8221;CUADERNILLOS DEL JBRC&#8221; button_link=&#8221;url:https%3A%2F%2Fwww.vamexico.com%2Fjb2%2Fcuadernillos%2F&#8221; animation_iteration=&#8221;1&#8243; c_id=&#8221;.vc_1724144113673&#8243; content_css=&#8221;font-family:Barlow Semi Condensed;color:#ffffff;&#8221; button_css=&#8221;font-family:Barlow Semi Condensed;color:#ffffff;background-color-hover:#4e681c;&#8221; css=&#8221;.vc_custom_1724144113673{padding-top: 180px !important;padding-bottom: 180px !important;background-image: url(https:\/\/www.vamexico.com\/jb2\/wp-content\/uploads\/2024\/08\/jbrc-publicaciones-01.jpg?id=7618) !important;background-position: center !important;background-repeat: no-repeat !important;background-size: cover !important;}&#8221;]VER M\u00c1S[\/ivan_promo_box][ivan_promo_box hover_effect=&#8221;dark-overlay&#8221; title=&#8221;TESIS EN EL JARD\u00cdN BOT\u00c1NICO&#8221; button_link=&#8221;url:https%3A%2F%2Fwww.vamexico.com%2Fjb2%2Ftesis-en-el-jardin-botanico%2F&#8221; animation_iteration=&#8221;1&#8243; c_id=&#8221;.vc_1725580269537&#8243; css=&#8221;.vc_custom_1725580269537{padding-top: 180px !important;padding-bottom: 180px !important;background-image: url(https:\/\/www.vamexico.com\/jb2\/wp-content\/uploads\/2024\/09\/tesis-del-jardin-botanico.jpg?id=8914) !important;background-position: center !important;background-repeat: no-repeat !important;background-size: cover !important;}&#8221;]VER M\u00c1S[\/ivan_promo_box]\n\t\t<\/div> <!-- END .wpb_wrapper -->\n\t<\/div> <!-- END  wpb_column vc_column_container  -->\n[\/vc_row]<\/p>\n","protected":false},"excerpt":{"rendered":"<p>[vc_row full_width=&#8221;stretch_row&#8221; gap=&#8221;30&#8243; content_placement=&#8221;middle&#8221; m_bottom=&#8221;0&#8243; css=&#8221;.vc_custom_1724141768602{margin-bottom: 0px !important;padding-top: 60px !important;padding-bottom: 0px !important;background-color: #809b2b !important;}&#8221;][\/vc_row][vc_row full_width=&#8221;stretch_row_content_no_spaces&#8221; css=&#8221;.vc_custom_1724144231801{margin-bottom: 0px !important;}&#8221;][\/vc_row]<\/p>\n","protected":false},"author":1,"featured_media":0,"parent":0,"menu_order":0,"comment_status":"closed","ping_status":"closed","template":"","meta":{"_joinchat":[],"footnotes":""},"class_list":["post-7595","page","type-page","status-publish","hentry"],"_links":{"self":[{"href":"https:\/\/www.vamexico.com\/jb2\/wp-json\/wp\/v2\/pages\/7595","targetHints":{"allow":["GET"]}}],"collection":[{"href":"https:\/\/www.vamexico.com\/jb2\/wp-json\/wp\/v2\/pages"}],"about":[{"href":"https:\/\/www.vamexico.com\/jb2\/wp-json\/wp\/v2\/types\/page"}],"author":[{"embeddable":true,"href":"https:\/\/www.vamexico.com\/jb2\/wp-json\/wp\/v2\/users\/1"}],"replies":[{"embeddable":true,"href":"https:\/\/www.vamexico.com\/jb2\/wp-json\/wp\/v2\/comments?post=7595"}],"version-history":[{"count":10,"href":"https:\/\/www.vamexico.com\/jb2\/wp-json\/wp\/v2\/pages\/7595\/revisions"}],"predecessor-version":[{"id":8919,"href":"https:\/\/www.vamexico.com\/jb2\/wp-json\/wp\/v2\/pages\/7595\/revisions\/8919"}],"wp:attachment":[{"href":"https:\/\/www.vamexico.com\/jb2\/wp-json\/wp\/v2\/media?parent=7595"}],"curies":[{"name":"wp","href":"https:\/\/api.w.org\/{rel}","templated":true}]}}