{"id":7683,"date":"2024-08-20T05:30:22","date_gmt":"2024-08-20T11:30:22","guid":{"rendered":"https:\/\/www.vamexico.com\/jb2\/?page_id=7683"},"modified":"2024-09-18T12:22:05","modified_gmt":"2024-09-18T18:22:05","slug":"investigacion","status":"publish","type":"page","link":"https:\/\/www.vamexico.com\/jb2\/investigacion\/","title":{"rendered":"Investigaci\u00f3n"},"content":{"rendered":"<p>[vc_row full_width=&#8221;stretch_row&#8221; gap=&#8221;30&#8243; content_placement=&#8221;middle&#8221; m_bottom=&#8221;0&#8243; css=&#8221;.vc_custom_1724153753436{margin-bottom: 0px !important;padding-top: 90px !important;padding-bottom: 0px !important;background-color: #809b2b !important;}&#8221;]\n\t<div class=\"vc_col-sm-3 wpb_column vc_column_container  vc_custom_1724153760423\"  data-wow-delay=\"0ms\" data-wow-iteration=\"1\" >\n\t\t<div class=\"wpb_wrapper\">\n\t\t\t[vc_single_image image=&#8221;9115&#8243; img_size=&#8221;full&#8221; css_animation=&#8221;fadeInUp&#8221; css=&#8221;.vc_custom_1725968532473{margin-bottom: 0px !important;}&#8221;]\n\t\t<\/div> <!-- END .wpb_wrapper -->\n\t<\/div> <!-- END  wpb_column vc_column_container  -->\n\n\t<div class=\"vc_col-sm-9 wpb_column vc_column_container \"  data-wow-delay=\"0ms\" data-wow-iteration=\"1\" >\n\t\t<div class=\"wpb_wrapper\">\n\t\t\t[vc_column_text css_animation=&#8221;fadeInUp&#8221; c_id=&#8221;.vc_1491415416578&#8243;]<\/p>\n<p style=\"font-size: 18px; color: #fff; font-weight: 400; line-height: 28px;\">Alineado con los convenios internacionales, nacionales y sus estrategias para la conservaci\u00f3n de la Biodiversidad, lo cual conforma en la directriz primordial del trabajo de investigaci\u00f3n este centro, <strong>el ejercicio del \u201cPROCEDIMIENTO GENERAL PARA LA INVESTIGACI\u00d3N DEL JARD\u00cdN BOT\u00c1NICO REGIONAL DE CADEREYTA\u201d (JB-02),<\/strong> se ha constituido y consolidado en una teor\u00eda operativa cuyos resultados contribuyen al manejo racional y a la conservaci\u00f3n de las especies vegetales del Semidesierto Queretano. La investigaci\u00f3n deriva, por consiguiente, en el cuerpo de la colecci\u00f3n bot\u00e1nica, protocolos de propagaci\u00f3n y en la difusi\u00f3n y divulgaci\u00f3n de resultados en diversos foros y medios impresos\u00a0y\u00a0electr\u00f3nicos.<\/p>\n<p>[\/vc_column_text]\n\t\t<\/div> <!-- END .wpb_wrapper -->\n\t<\/div> <!-- END  wpb_column vc_column_container  -->\n[\/vc_row][vc_row full_width=&#8221;stretch_row_content_no_spaces&#8221; css=&#8221;.vc_custom_1724144231801{margin-bottom: 0px !important;}&#8221;]\n\t<div class=\"vc_col-sm-4 wpb_column vc_column_container  vc_custom_1724144220151\"  data-wow-delay=\"0ms\" data-wow-iteration=\"1\" >\n\t\t<div class=\"wpb_wrapper\">\n\t\t\t[ivan_promo_box hover_effect=&#8221;dark-overlay&#8221; title=&#8221;COLECCIONES BOT\u00c1NICAS&#8221; button_link=&#8221;url:https%3A%2F%2Fwww.vamexico.com%2Fjb2%2Fcolecciones-botanicas%2F&#8221; animation_iteration=&#8221;1&#8243; c_id=&#8221;.vc_1725580863455&#8243; content_css=&#8221;font-family:Barlow Semi Condensed;color:#ffffff;&#8221; button_css=&#8221;font-family:Barlow Semi Condensed;color:#ffffff;background-color-hover:#4e681c;&#8221; css=&#8221;.vc_custom_1725580863454{padding-top: 280px !important;padding-bottom: 280px !important;background-image: url(https:\/\/www.vamexico.com\/jb2\/wp-content\/uploads\/2024\/09\/Colecciones-botanicas-bg-1.jpg?id=8922) !important;background-position: center !important;background-repeat: no-repeat !important;background-size: cover !important;}&#8221;]VER M\u00c1S[\/ivan_promo_box]\n\t\t<\/div> <!-- END .wpb_wrapper -->\n\t<\/div> <!-- END  wpb_column vc_column_container  -->\n\n\t<div class=\"vc_col-sm-4 wpb_column vc_column_container  vc_custom_1724144226644\"  data-wow-delay=\"0ms\" data-wow-iteration=\"1\" >\n\t\t<div class=\"wpb_wrapper\">\n\t\t\t[ivan_promo_box hover_effect=&#8221;dark-overlay&#8221; title=&#8221;INVESTIGACI\u00d3N&#8221; button_link=&#8221;url:https%3A%2F%2Fwww.vamexico.com%2Fjb2%2Fproyectos%2F&#8221; animation_iteration=&#8221;1&#8243; c_id=&#8221;.vc_1726683722276&#8243; css=&#8221;.vc_custom_1726683722274{padding-top: 280px !important;padding-bottom: 280px !important;background-image: url(https:\/\/www.vamexico.com\/jb2\/wp-content\/uploads\/2024\/08\/jbrc-investigacion-02.jpg?id=7696) !important;background-position: center !important;background-repeat: no-repeat !important;background-size: cover !important;}&#8221;]VER M\u00c1S[\/ivan_promo_box]\n\t\t<\/div> <!-- END .wpb_wrapper -->\n\t<\/div> <!-- END  wpb_column vc_column_container  -->\n\n\t<div class=\"vc_col-sm-4 wpb_column vc_column_container \"  data-wow-delay=\"0ms\">\n\t\t<div class=\"wpb_wrapper\">\n\t\t\t[ivan_promo_box hover_effect=&#8221;dark-overlay&#8221; title=&#8221;TEOR\u00cdA DEL JBRC&#8221; button_link=&#8221;url:https%3A%2F%2Fwww.vamexico.com%2Fjb2%2Fteoria-del-jbrc%2F&#8221; animation_iteration=&#8221;1&#8243; c_id=&#8221;.vc_1726074412636&#8243; css=&#8221;.vc_custom_1726074412636{padding-top: 280px !important;padding-bottom: 280px !important;background-image: url(https:\/\/www.vamexico.com\/jb2\/wp-content\/uploads\/2024\/09\/Teoria-operativa-bg.jpg?id=8923) !important;background-position: center !important;background-repeat: no-repeat !important;background-size: cover !important;}&#8221;]VER M\u00c1S[\/ivan_promo_box]\n\t\t<\/div> <!-- END .wpb_wrapper -->\n\t<\/div> <!-- END  wpb_column vc_column_container  -->\n[\/vc_row]<\/p>\n","protected":false},"excerpt":{"rendered":"<p>[vc_row full_width=&#8221;stretch_row&#8221; gap=&#8221;30&#8243; content_placement=&#8221;middle&#8221; m_bottom=&#8221;0&#8243; css=&#8221;.vc_custom_1724153753436{margin-bottom: 0px !important;padding-top: 90px !important;padding-bottom: 0px !important;background-color: #809b2b !important;}&#8221;][\/vc_row][vc_row full_width=&#8221;stretch_row_content_no_spaces&#8221; css=&#8221;.vc_custom_1724144231801{margin-bottom: 0px !important;}&#8221;][\/vc_row]<\/p>\n","protected":false},"author":1,"featured_media":0,"parent":0,"menu_order":0,"comment_status":"closed","ping_status":"closed","template":"","meta":{"_joinchat":[],"footnotes":""},"class_list":["post-7683","page","type-page","status-publish","hentry"],"_links":{"self":[{"href":"https:\/\/www.vamexico.com\/jb2\/wp-json\/wp\/v2\/pages\/7683","targetHints":{"allow":["GET"]}}],"collection":[{"href":"https:\/\/www.vamexico.com\/jb2\/wp-json\/wp\/v2\/pages"}],"about":[{"href":"https:\/\/www.vamexico.com\/jb2\/wp-json\/wp\/v2\/types\/page"}],"author":[{"embeddable":true,"href":"https:\/\/www.vamexico.com\/jb2\/wp-json\/wp\/v2\/users\/1"}],"replies":[{"embeddable":true,"href":"https:\/\/www.vamexico.com\/jb2\/wp-json\/wp\/v2\/comments?post=7683"}],"version-history":[{"count":11,"href":"https:\/\/www.vamexico.com\/jb2\/wp-json\/wp\/v2\/pages\/7683\/revisions"}],"predecessor-version":[{"id":9492,"href":"https:\/\/www.vamexico.com\/jb2\/wp-json\/wp\/v2\/pages\/7683\/revisions\/9492"}],"wp:attachment":[{"href":"https:\/\/www.vamexico.com\/jb2\/wp-json\/wp\/v2\/media?parent=7683"}],"curies":[{"name":"wp","href":"https:\/\/api.w.org\/{rel}","templated":true}]}}