{"id":7827,"date":"2024-08-20T13:56:11","date_gmt":"2024-08-20T19:56:11","guid":{"rendered":"https:\/\/www.vamexico.com\/jb2\/?page_id=7827"},"modified":"2024-09-12T16:52:51","modified_gmt":"2024-09-12T22:52:51","slug":"cactaceas_de_queretaro","status":"publish","type":"page","link":"https:\/\/www.vamexico.com\/jb2\/cactaceas_de_queretaro\/","title":{"rendered":"Cact\u00e1ceas de Quer\u00e9taro"},"content":{"rendered":"<p>[vc_section full_width=&#8221;stretch_row&#8221; css=&#8221;.vc_custom_1724182317485{background-image: url(https:\/\/www.vamexico.com\/jb2\/wp-content\/uploads\/2024\/08\/pattern_03.webp?id=7800) !important;background-position: center !important;background-repeat: no-repeat !important;background-size: cover !important;}&#8221;][vc_row css=&#8221;.vc_custom_1724180979336{margin-top: 40px !important;margin-bottom: 80px !important;background-color: #ffffff !important;}&#8221; el_class=&#8221;sombra-fichas&#8221;]\n\t<div class=\"vc_col-sm-4 wpb_column vc_column_container  vc_custom_1724183859460\"  data-wow-delay=\"0ms\" data-wow-iteration=\"1\" >\n\t\t<div class=\"wpb_wrapper\">\n\t\t\t[vc_column_text css=&#8221;.vc_custom_1724183768537{margin-top: 40px !important;}&#8221;]<\/p>\n<p style=\"text-align: center;\"><img loading=\"lazy\" decoding=\"async\" class=\"alignnone wp-image-7831 size-full\" src=\"https:\/\/www.vamexico.com\/jb2\/wp-content\/uploads\/2024\/08\/jbrc-colecciones-03-1.png\" alt=\"\" width=\"440\" height=\"236\" \/><\/p>\n<h3 style=\"color: #ffffff; text-align: center;\">CACT\u00c1CEAS<br \/>\nDE QUER\u00c9TARO<\/h3>\n<p>[\/vc_column_text]\n\t\t<\/div> <!-- END .wpb_wrapper -->\n\t<\/div> <!-- END  wpb_column vc_column_container  -->\n\n\t<div class=\"vc_col-sm-8 wpb_column vc_column_container  vc_custom_1724180267260\"  data-wow-delay=\"0ms\" data-wow-iteration=\"1\" >\n\t\t<div class=\"wpb_wrapper\">\n\t\t\t[vc_column_text css_animation=&#8221;fadeInUp&#8221; c_id=&#8221;.vc_1491415416578&#8243;]<\/p>\n<h4 style=\"color: #f0ac42;\">UN BASTI\u00d3N PARA LA CONSERVACI\u00d3N DEL SEMIDESIERTO<\/h4>\n<p>[\/vc_column_text][vc_column_text css_animation=&#8221;fadeInUp&#8221; c_id=&#8221;.vc_1491415416578&#8243;]<\/p>\n<ul>\n<li style=\"font-size: 16px; color: #808080; font-weight: 400; line-height: 24px;\">Cactaceae es sin duda la familia m\u00e1s emblem\u00e1tica de las zonas \u00e1ridas de Am\u00e9rica, su riqueza se estima entre 100 y 130 especies para el Semidesierto Queretano-Hidalguense, raz\u00f3n por la que mediante un arreglo de episodios vegetales que hacen una s\u00edntesis de los diversos matorrales en los que se arraiga esta familia vegetal, se ha construido esta secci\u00f3n en el coraz\u00f3n de la colecci\u00f3n del jard\u00edn bot\u00e1nico.<\/li>\n<li style=\"font-size: 16px; color: #808080; font-weight: 400; line-height: 24px;\">Se trata de un camino empedrado que sigue un periplo en forma de herradura, mediante el cual el visitante es llevado por una secuencia altitudinal (ascenso y descenso por la sierras) desde los mezquitales del valle de Cadereyta, hasta los encinares de la sierra de Pinal de Amoles; y de all\u00ed a los ca\u00f1ones tropicales del municipio de Jalpan de Serra (al noreste de Quer\u00e9taro, en la Sierra Gorda) en el centro de M\u00e9xico.<\/li>\n<\/ul>\n<p>[\/vc_column_text]\n\t\t<\/div> <!-- END .wpb_wrapper -->\n\t<\/div> <!-- END  wpb_column vc_column_container  -->\n[\/vc_row][\/vc_section][vc_row full_width=&#8221;stretch_row&#8221; css=&#8221;.vc_custom_1724183038232{padding-top: 80px !important;padding-bottom: 80px !important;background-color: #809b2b !important;}&#8221;]\n\t<div class=\"vc_col-sm-12 wpb_column vc_column_container \"  data-wow-delay=\"0ms\">\n\t\t<div class=\"wpb_wrapper\">\n\t\t\t\n\t\t\t<!-- START Cact\u00e1ceas de Quer\u00e9taro REVOLUTION SLIDER 6.4.11 --><p class=\"rs-p-wp-fix\"><\/p>\n\t\t\t<rs-module-wrap id=\"rev_slider_12_1_wrapper\" data-source=\"gallery\" style=\"background:transparent;padding:0;margin:0px auto;margin-top:0;margin-bottom:0;\">\n\t\t\t\t<rs-module id=\"rev_slider_12_1\" style=\"\" data-version=\"6.4.11\">\n\t\t\t\t\t<rs-slides>\n\t\t\t\t\t\t<rs-slide data-key=\"rs-56\" data-title=\"Slide\" data-in=\"o:0;\" data-out=\"a:false;\">\n\t\t\t\t\t\t\t<img loading=\"lazy\" decoding=\"async\" src=\"\/\/www.vamexico.com\/jb2\/wp-content\/uploads\/2024\/08\/colecciones_cactaceasdequeretaro_08.webp\" title=\"colecciones_cactaceasdequeretaro_08\" width=\"1200\" height=\"624\" class=\"rev-slidebg tp-rs-img\" data-no-retina>\n<!---->\t\t\t\t\t\t<\/rs-slide>\n\t\t\t\t\t\t<rs-slide data-key=\"rs-57\" data-title=\"Slide\" data-in=\"o:0;\" data-out=\"a:false;\">\n\t\t\t\t\t\t\t<img loading=\"lazy\" decoding=\"async\" src=\"\/\/www.vamexico.com\/jb2\/wp-content\/uploads\/2024\/08\/colecciones_cactaceasdequeretaro_07.webp\" title=\"colecciones_cactaceasdequeretaro_07\" width=\"1200\" height=\"624\" class=\"rev-slidebg tp-rs-img\" data-no-retina>\n<!---->\t\t\t\t\t\t<\/rs-slide>\n\t\t\t\t\t\t<rs-slide data-key=\"rs-59\" data-title=\"Slide\" data-in=\"o:0;\" data-out=\"a:false;\">\n\t\t\t\t\t\t\t<img loading=\"lazy\" decoding=\"async\" src=\"\/\/www.vamexico.com\/jb2\/wp-content\/uploads\/2024\/08\/colecciones_cactaceasdequeretaro_06.webp\" title=\"colecciones_cactaceasdequeretaro_06\" width=\"1200\" height=\"624\" class=\"rev-slidebg tp-rs-img\" data-no-retina>\n<!---->\t\t\t\t\t\t<\/rs-slide>\n\t\t\t\t\t\t<rs-slide data-key=\"rs-58\" data-title=\"Slide\" data-in=\"o:0;\" data-out=\"a:false;\">\n\t\t\t\t\t\t\t<img loading=\"lazy\" decoding=\"async\" src=\"\/\/www.vamexico.com\/jb2\/wp-content\/uploads\/2024\/09\/colecciones_cactaceasdequeretaro_06.webp\" title=\"colecciones_cactaceasdequeretaro_06\" width=\"1200\" height=\"624\" class=\"rev-slidebg tp-rs-img\" data-no-retina>\n<!---->\t\t\t\t\t\t<\/rs-slide>\n\t\t\t\t\t\t<rs-slide data-key=\"rs-60\" data-title=\"Slide\" data-in=\"o:0;\" data-out=\"a:false;\">\n\t\t\t\t\t\t\t<img loading=\"lazy\" decoding=\"async\" src=\"\/\/www.vamexico.com\/jb2\/wp-content\/uploads\/2024\/08\/colecciones_cactaceasdequeretaro_03.webp\" title=\"colecciones_cactaceasdequeretaro_03\" width=\"1200\" height=\"624\" class=\"rev-slidebg tp-rs-img\" data-no-retina>\n<!---->\t\t\t\t\t\t<\/rs-slide>\n\t\t\t\t\t\t<rs-slide data-key=\"rs-61\" data-title=\"Slide\" data-in=\"o:0;\" data-out=\"a:false;\">\n\t\t\t\t\t\t\t<img loading=\"lazy\" decoding=\"async\" src=\"\/\/www.vamexico.com\/jb2\/wp-content\/uploads\/2024\/08\/colecciones_cactaceasdequeretaro_02.webp\" title=\"colecciones_cactaceasdequeretaro_02\" width=\"1200\" height=\"624\" class=\"rev-slidebg tp-rs-img\" data-no-retina>\n<!---->\t\t\t\t\t\t<\/rs-slide>\n\t\t\t\t\t\t<rs-slide data-key=\"rs-62\" data-title=\"Slide\" data-in=\"o:0;\" data-out=\"a:false;\">\n\t\t\t\t\t\t\t<img loading=\"lazy\" decoding=\"async\" src=\"\/\/www.vamexico.com\/jb2\/wp-content\/uploads\/2024\/08\/colecciones_cactaceasdequeretaro_01.webp\" title=\"colecciones_cactaceasdequeretaro_01\" width=\"1200\" height=\"624\" class=\"rev-slidebg tp-rs-img\" data-no-retina>\n<!---->\t\t\t\t\t\t<\/rs-slide>\n\t\t\t\t\t\t<rs-slide data-key=\"rs-63\" data-title=\"Slide\" data-in=\"o:0;\" data-out=\"a:false;\">\n\t\t\t\t\t\t\t<img loading=\"lazy\" decoding=\"async\" src=\"\/\/www.vamexico.com\/jb2\/wp-content\/uploads\/2024\/09\/colecciones_cactaceasdequeretaro_07.webp\" title=\"colecciones_cactaceasdequeretaro_07\" width=\"1200\" height=\"624\" class=\"rev-slidebg tp-rs-img\" data-no-retina>\n<!---->\t\t\t\t\t\t<\/rs-slide>\n\t\t\t\t\t<\/rs-slides>\n\t\t\t\t<\/rs-module>\n\t\t\t\t<script type=\"text\/javascript\">\n\t\t\t\t\tsetREVStartSize({c: 'rev_slider_12_1',rl:[1240,1024,778,480],el:[600],gw:[1240],gh:[600],type:'standard',justify:'',layout:'fullwidth',thumbh:\"160\",mh:\"0\"});\n\t\t\t\t\tvar\trevapi12,\n\t\t\t\t\t\ttpj;\n\t\t\t\t\tfunction revinit_revslider121() {\n\t\t\t\t\tjQuery(function() {\n\t\t\t\t\t\ttpj = jQuery;\n\t\t\t\t\t\trevapi12 = tpj(\"#rev_slider_12_1\");\n\t\t\t\t\t\tif(revapi12==undefined || revapi12.revolution == undefined){\n\t\t\t\t\t\t\trevslider_showDoubleJqueryError(\"rev_slider_12_1\");\n\t\t\t\t\t\t}else{\n\t\t\t\t\t\t\trevapi12.revolution({\n\t\t\t\t\t\t\t\tDPR:\"dpr\",\n\t\t\t\t\t\t\t\tvisibilityLevels:\"1240,1024,778,480\",\n\t\t\t\t\t\t\t\tgridwidth:1240,\n\t\t\t\t\t\t\t\tgridheight:600,\n\t\t\t\t\t\t\t\tperspective:600,\n\t\t\t\t\t\t\t\tperspectiveType:\"global\",\n\t\t\t\t\t\t\t\teditorheight:\"600,768,960,720\",\n\t\t\t\t\t\t\t\tresponsiveLevels:\"1240,1024,778,480\",\n\t\t\t\t\t\t\t\tprogressBar: {\n\t\t\t\t\t\t\t\t\tsize:5,\n\t\t\t\t\t\t\t\t\tx:0,\n\t\t\t\t\t\t\t\t\ty:0\n\t\t\t\t\t\t\t\t},\n\t\t\t\t\t\t\t\tnavigation: {\n\t\t\t\t\t\t\t\t\twheelCallDelay:1000,\n\t\t\t\t\t\t\t\t\tonHoverStop:false,\n\t\t\t\t\t\t\t\t\tarrows: {\n\t\t\t\t\t\t\t\t\t\tenable:true,\n\t\t\t\t\t\t\t\t\t\tstyle:\"hesperiden\",\n\t\t\t\t\t\t\t\t\t\tleft: {\n\t\t\t\t\t\t\t\t\t\t\th_offset:30\n\t\t\t\t\t\t\t\t\t\t},\n\t\t\t\t\t\t\t\t\t\tright: {\n\t\t\t\t\t\t\t\t\t\t\th_offset:30\n\t\t\t\t\t\t\t\t\t\t}\n\t\t\t\t\t\t\t\t\t},\n\t\t\t\t\t\t\t\t\tthumbnails: {\n\t\t\t\t\t\t\t\t\t\tenable:true,\n\t\t\t\t\t\t\t\t\t\ttmp:\"<span class=\\\"tp-thumb-img-wrap\\\">  <span class=\\\"tp-thumb-image\\\"><\/span><\/span>\",\n\t\t\t\t\t\t\t\t\t\tstyle:\"gyges\",\n\t\t\t\t\t\t\t\t\t\tv_offset:0,\n\t\t\t\t\t\t\t\t\t\tspace:5,\n\t\t\t\t\t\t\t\t\t\twidth:150,\n\t\t\t\t\t\t\t\t\t\theight:150,\n\t\t\t\t\t\t\t\t\t\twrapper_padding:5,\n\t\t\t\t\t\t\t\t\t\twrapper_color:\"transparent\",\n\t\t\t\t\t\t\t\t\t\tvisibleAmount:8,\n\t\t\t\t\t\t\t\t\t\tposition:\"outer-horizontal\"\n\t\t\t\t\t\t\t\t\t}\n\t\t\t\t\t\t\t\t},\n\t\t\t\t\t\t\t\tfallbacks: {\n\t\t\t\t\t\t\t\t\tallowHTML5AutoPlayOnAndroid:true\n\t\t\t\t\t\t\t\t},\n\t\t\t\t\t\t\t});\n\t\t\t\t\t\t}\n\t\t\t\t\t\t\n\t\t\t\t\t});\n\t\t\t\t\t} \/\/ End of RevInitScript\n\t\t\t\tvar once_revslider121 = false;\n\t\t\t\tif (document.readyState === \"loading\") {document.addEventListener('readystatechange',function() { if((document.readyState === \"interactive\" || document.readyState === \"complete\") && !once_revslider121 ) { once_revslider121 = true; revinit_revslider121();}});} else {once_revslider121 = true; revinit_revslider121();}\n\t\t\t\t<\/script>\n\t\t\t\t<script>\n\t\t\t\t\tvar htmlDivCss = unescape(\"%23rev_slider_12_1_wrapper%20.hesperiden.tparrows%20%7B%0A%09cursor%3Apointer%3B%0A%09background%3Argba%280%2C0%2C0%2C0.5%29%3B%0A%09width%3A40px%3B%0A%09height%3A40px%3B%0A%09position%3Aabsolute%3B%0A%09display%3Ablock%3B%0A%09z-index%3A1000%3B%0A%20%20%20%20border-radius%3A%2050%25%3B%0A%7D%0A%23rev_slider_12_1_wrapper%20.hesperiden.tparrows.rs-touchhover%20%7B%0A%09background%3A%23000000%3B%0A%7D%0A%23rev_slider_12_1_wrapper%20.hesperiden.tparrows%3Abefore%20%7B%0A%09font-family%3A%20%27revicons%27%3B%0A%09font-size%3A20px%3B%0A%09color%3A%23ffffff%3B%0A%09display%3Ablock%3B%0A%09line-height%3A%2040px%3B%0A%09text-align%3A%20center%3B%0A%7D%0A%23rev_slider_12_1_wrapper%20.hesperiden.tparrows.tp-leftarrow%3Abefore%20%7B%0A%09content%3A%20%27%5Ce82c%27%3B%0A%20%20%20%20margin-left%3A-3px%3B%0A%7D%0A%23rev_slider_12_1_wrapper%20.hesperiden.tparrows.tp-rightarrow%3Abefore%20%7B%0A%09content%3A%20%27%5Ce82d%27%3B%0A%20%20%20%20margin-right%3A-3px%3B%0A%7D%0A%23rev_slider_12_1_wrapper%20.gyges%20.tp-thumb%20%7B%20%0A%20%20%20%20%20%20opacity%3A1%0A%20%20%7D%0A%23rev_slider_12_1_wrapper%20.gyges%20.tp-thumb-img-wrap%20%7B%0A%20%20padding%3A3px%3B%0A%20%20background-color%3Argba%280%2C0%2C0%2C0.25%29%3B%0A%20%20display%3Ainline-block%3B%0A%0A%20%20width%3A100%25%3B%0A%20%20height%3A100%25%3B%0A%20%20position%3Arelative%3B%0A%20%20margin%3A0px%3B%0A%20%20box-sizing%3Aborder-box%3B%0A%20%20%20%20transition%3Aall%200.3s%3B%0A%20%20%20%20-webkit-transition%3Aall%200.3s%3B%0A%7D%0A%23rev_slider_12_1_wrapper%20.gyges%20.tp-thumb-image%20%7B%0A%20%20%20padding%3A3px%3B%20%0A%20%20%20display%3Ablock%3B%0A%20%20%20box-sizing%3Aborder-box%3B%0A%20%20%20position%3Arelative%3B%0A%20%20%20%20-webkit-box-shadow%3A%20inset%205px%205px%2010px%200px%20rgba%280%2C0%2C0%2C0.25%29%3B%0A%20%20-moz-box-shadow%3A%20inset%205px%205px%2010px%200px%20rgba%280%2C0%2C0%2C0.25%29%3B%0A%20%20box-shadow%3A%20inset%205px%205px%2010px%200px%20rgba%280%2C0%2C0%2C0.25%29%3B%0A%20%7D%20%20%0A%0A%23rev_slider_12_1_wrapper%20.gyges%20.tp-thumb.rs-touchhover%20.tp-thumb-img-wrap%2C%0A%20%23rev_slider_12_1_wrapper%20.gyges%20.tp-thumb.selected%20.tp-thumb-img-wrap%20%7B%0A%20%20%20%20background%3A%20-moz-linear-gradient%28top%2C%20%20%23ffffff%200%25%2C%20%23777777%20100%25%29%3B%0Abackground%3A%20-webkit-gradient%28left%20top%2C%20left%20bottom%2C%20color-stop%280%25%2C%20%23ffffff%2C%20color-stop%28100%25%2C%20%23777777%29%29%29%3B%0Abackground%3A%20-webkit-linear-gradient%28top%2C%20%23ffffff%200%25%2C%20%23777777%20100%25%29%3B%0Abackground%3A%20-o-linear-gradient%28top%2C%20%23ffffff%200%25%2C%20%23777777%20100%25%29%3B%0Abackground%3A%20-ms-linear-gradient%28top%2C%20%23ffffff%200%25%2C%20%23777777%20100%25%29%3B%0Abackground%3A%20linear-gradient%28to%20bottom%2C%20%23ffffff%200%25%2C%20%23777777%20100%25%29%3B%0A%0A%7D%0A%0A%0A\");\n\t\t\t\t\tvar htmlDiv = document.getElementById('rs-plugin-settings-inline-css');\n\t\t\t\t\tif(htmlDiv) {\n\t\t\t\t\t\thtmlDiv.innerHTML = htmlDiv.innerHTML + htmlDivCss;\n\t\t\t\t\t}else{\n\t\t\t\t\t\tvar htmlDiv = document.createElement('div');\n\t\t\t\t\t\thtmlDiv.innerHTML = '<style>' + htmlDivCss + '<\/style>';\n\t\t\t\t\t\tdocument.getElementsByTagName('head')[0].appendChild(htmlDiv.childNodes[0]);\n\t\t\t\t\t}\n\t\t\t\t<\/script>\n\t\t\t\t<script>\n\t\t\t\t\tvar htmlDivCss = unescape(\"%0A%0A%0A%0A%0A%0A%0A%0A%0A%0A%0A%0A%0A%0A%0A%0A\");\n\t\t\t\t\tvar htmlDiv = document.getElementById('rs-plugin-settings-inline-css');\n\t\t\t\t\tif(htmlDiv) {\n\t\t\t\t\t\thtmlDiv.innerHTML = htmlDiv.innerHTML + htmlDivCss;\n\t\t\t\t\t}else{\n\t\t\t\t\t\tvar htmlDiv = document.createElement('div');\n\t\t\t\t\t\thtmlDiv.innerHTML = '<style>' + htmlDivCss + '<\/style>';\n\t\t\t\t\t\tdocument.getElementsByTagName('head')[0].appendChild(htmlDiv.childNodes[0]);\n\t\t\t\t\t}\n\t\t\t\t<\/script>\n\t\t\t<\/rs-module-wrap>\n\t\t\t<!-- END REVOLUTION SLIDER -->\n[vc_empty_space height=&#8221;80px&#8221;][ivan_title title_tag=&#8221;h1&#8243; align=&#8221;left&#8221; animation_iteration=&#8221;1&#8243; c_id=&#8221;.vc_1725393788084&#8243; title_css=&#8221;font-weight:700;color:#ffffff;&#8221; subtitle_css=&#8221;font-family:Barlow Semi Condensed;font-weight:700;color:#ffffff;font-size:40px;&#8221; el_class=&#8221;txt-wp&#8221;]M\u00e1s Colecciones Bot\u00e1nicas[\/ivan_title][vc_column_text]<a href=\"https:\/\/www.vamexico.com\/jb2\/familias-botanicas-relevantes-del-semidesierto\/\"><img loading=\"lazy\" decoding=\"async\" class=\"alignnone wp-image-9290\" src=\"https:\/\/www.vamexico.com\/jb2\/wp-content\/uploads\/2024\/09\/jbrc-colecciones-01.jpg\" alt=\"\" width=\"179\" height=\"150\" \/><\/a><a href=\"https:\/\/www.vamexico.com\/jb2\/el-semidesierto-queretano-hidalguense\/\"><img loading=\"lazy\" decoding=\"async\" class=\"alignnone wp-image-7759\" src=\"https:\/\/www.vamexico.com\/jb2\/wp-content\/uploads\/2024\/08\/jbrc-colecciones-02.png\" alt=\"\" width=\"179\" height=\"150\" \/><\/a><a href=\"https:\/\/www.vamexico.com\/jb2\/vegetacion-del-valle-de-queretaro\/\"><img loading=\"lazy\" decoding=\"async\" class=\"alignnone wp-image-7757\" src=\"https:\/\/www.vamexico.com\/jb2\/wp-content\/uploads\/2024\/08\/jbrc-colecciones-04.png\" alt=\"\" width=\"179\" height=\"150\" \/><\/a><a href=\"https:\/\/www.vamexico.com\/jb2\/el-genero-mammillaria-en-mexico\/\"><img loading=\"lazy\" decoding=\"async\" class=\"alignnone wp-image-7756\" src=\"https:\/\/www.vamexico.com\/jb2\/wp-content\/uploads\/2024\/08\/jbrc-colecciones-05.png\" alt=\"\" width=\"179\" height=\"150\" \/><\/a><a href=\"https:\/\/www.vamexico.com\/jb2\/agavaceae-de-queretaro\/\"><img loading=\"lazy\" decoding=\"async\" class=\"alignnone wp-image-7755\" src=\"https:\/\/www.vamexico.com\/jb2\/wp-content\/uploads\/2024\/08\/jbrc-colecciones-06.png\" alt=\"\" width=\"179\" height=\"150\" \/><\/a><a href=\"https:\/\/www.vamexico.com\/jb2\/el-jardin-de-los-colibries-y-la-gente\/\"><img loading=\"lazy\" decoding=\"async\" class=\"alignnone wp-image-7754\" src=\"https:\/\/www.vamexico.com\/jb2\/wp-content\/uploads\/2024\/08\/jbrc-colecciones-07.png\" alt=\"\" width=\"179\" height=\"150\" \/><\/a>[\/vc_column_text]\n\t\t<\/div> <!-- END .wpb_wrapper -->\n\t<\/div> <!-- END  wpb_column vc_column_container  -->\n[\/vc_row][vc_row full_width=&#8221;stretch_row&#8221; gap=&#8221;30&#8243; parallax=&#8221;content-moving&#8221; parallax_image=&#8221;7761&#8243; css=&#8221;.vc_custom_1724179188256{padding-top: 160px !important;padding-bottom: 160px !important;}&#8221;]\n\t<div class=\"vc_col-sm-12 wpb_column vc_column_container \"  data-wow-delay=\"0ms\">\n\t\t<div class=\"wpb_wrapper\">\n\t\t\t[ivan_title title_tag=&#8221;h1&#8243; animation_iteration=&#8221;1&#8243; c_id=&#8221;.vc_1724183312534&#8243; title_css=&#8221;font-weight:700;color:#ffffff;&#8221; subtitle_css=&#8221;font-family:Barlow Semi Condensed;font-weight:700;color:#ffffff;font-size:40px;&#8221; el_class=&#8221;txt-wp&#8221;]La ineludible experiencia de aprendizaje vital, que el Jard\u00edn Bot\u00e1nico Regional de Cadereyta procura participar a todos sus visitantes, empieza aqu\u00ed.[\/ivan_title][vc_empty_space height=&#8221;40px&#8221;][vc_single_image image=&#8221;7147&#8243; img_size=&#8221;full&#8221; alignment=&#8221;center&#8221;]\n\t\t<\/div> <!-- END .wpb_wrapper -->\n\t<\/div> <!-- END  wpb_column vc_column_container  -->\n[\/vc_row]<\/p>\n","protected":false},"excerpt":{"rendered":"<p>[vc_section full_width=&#8221;stretch_row&#8221; css=&#8221;.vc_custom_1724182317485{background-image: url(https:\/\/www.vamexico.com\/jb2\/wp-content\/uploads\/2024\/08\/pattern_03.webp?id=7800) !important;background-position: center !important;background-repeat: no-repeat !important;background-size: cover !important;}&#8221;][vc_row css=&#8221;.vc_custom_1724180979336{margin-top: 40px !important;margin-bottom: 80px !important;background-color: #ffffff !important;}&#8221; el_class=&#8221;sombra-fichas&#8221;][\/vc_row][\/vc_section][vc_row full_width=&#8221;stretch_row&#8221; css=&#8221;.vc_custom_1724183038232{padding-top: 80px !important;padding-bottom: 80px !important;background-color: #809b2b !important;}&#8221;][\/vc_row][vc_row full_width=&#8221;stretch_row&#8221; gap=&#8221;30&#8243; parallax=&#8221;content-moving&#8221; parallax_image=&#8221;7761&#8243; css=&#8221;.vc_custom_1724179188256{padding-top: 160px !important;padding-bottom: 160px !important;}&#8221;][\/vc_row]<\/p>\n","protected":false},"author":1,"featured_media":0,"parent":0,"menu_order":0,"comment_status":"closed","ping_status":"closed","template":"","meta":{"_joinchat":[],"footnotes":""},"class_list":["post-7827","page","type-page","status-publish","hentry"],"_links":{"self":[{"href":"https:\/\/www.vamexico.com\/jb2\/wp-json\/wp\/v2\/pages\/7827","targetHints":{"allow":["GET"]}}],"collection":[{"href":"https:\/\/www.vamexico.com\/jb2\/wp-json\/wp\/v2\/pages"}],"about":[{"href":"https:\/\/www.vamexico.com\/jb2\/wp-json\/wp\/v2\/types\/page"}],"author":[{"embeddable":true,"href":"https:\/\/www.vamexico.com\/jb2\/wp-json\/wp\/v2\/users\/1"}],"replies":[{"embeddable":true,"href":"https:\/\/www.vamexico.com\/jb2\/wp-json\/wp\/v2\/comments?post=7827"}],"version-history":[{"count":10,"href":"https:\/\/www.vamexico.com\/jb2\/wp-json\/wp\/v2\/pages\/7827\/revisions"}],"predecessor-version":[{"id":9314,"href":"https:\/\/www.vamexico.com\/jb2\/wp-json\/wp\/v2\/pages\/7827\/revisions\/9314"}],"wp:attachment":[{"href":"https:\/\/www.vamexico.com\/jb2\/wp-json\/wp\/v2\/media?parent=7827"}],"curies":[{"name":"wp","href":"https:\/\/api.w.org\/{rel}","templated":true}]}}