{"id":8058,"date":"2024-08-20T17:24:41","date_gmt":"2024-08-20T23:24:41","guid":{"rendered":"https:\/\/www.vamexico.com\/jb2\/?page_id=8058"},"modified":"2024-09-05T17:32:05","modified_gmt":"2024-09-05T23:32:05","slug":"unidad-de-aprovechamiento-ambiental","status":"publish","type":"page","link":"https:\/\/www.vamexico.com\/jb2\/unidad-de-aprovechamiento-ambiental\/","title":{"rendered":"Unidad de Aprovechamiento Ambiental"},"content":{"rendered":"<p>[vc_row full_width=&#8221;stretch_row&#8221; m_bottom=&#8221;0&#8243; css=&#8221;.vc_custom_1724196608783{background-color: #f6f6f6 !important;}&#8221;]\n\t<div class=\"vc_col-sm-3 wpb_column vc_column_container  wow animated fadeInUp vc_custom_1725291028608\"  data-wow-delay=\"0ms\" data-wow-iteration=\"1\" >\n\t\t<div class=\"wpb_wrapper\">\n\t\t\t[vc_single_image image=&#8221;8062&#8243; img_size=&#8221;full&#8221; css=&#8221;.vc_custom_1724196775697{margin-top: -160px !important;}&#8221;][ivan_title title_tag=&#8221;h4&#8243; animation=&#8221;fadeInUp&#8221; animation_iteration=&#8221;1&#8243; c_id=&#8221;.vc_1724196637501&#8243; title_css=&#8221;color:#809b2b;&#8221; subtitle_css=&#8221;margin-bottom:30px;&#8221;]SEMARNAT UMA\/PIMVS: DGCERN-JB-019-QRO\/05[\/ivan_title]\n\t\t<\/div> <!-- END .wpb_wrapper -->\n\t<\/div> <!-- END  wpb_column vc_column_container  wow animated fadeInUp -->\n\n\t<div class=\"vc_col-sm-9 wpb_column vc_column_container  wow animated fadeInUp vc_custom_1724196719672\"  data-wow-delay=\"100ms\" data-wow-iteration=\"1\" >\n\t\t<div class=\"wpb_wrapper\">\n\t\t\t[vc_column_text css_animation=&#8221;fadeInUp&#8221; c_id=&#8221;.vc_1491415416578&#8243;]<\/p>\n<p style=\"font-size: 16px; color: #808080; font-weight: 400; line-height: 28px;\">La vida silvestre mexicana se encuentra tipificada en nuestras leyes como <strong>un bien propiedad de la naci\u00f3n,<\/strong> raz\u00f3n por la cual nuestro gobierno, a trav\u00e9s de la <strong>Secretar\u00eda de Medio Ambiente y Recursos Naturales (SEMARNAT),<\/strong> administra su gesti\u00f3n. Desde 1992 el Jard\u00edn Bot\u00e1nico Regional de Cadereyta se encuentra registrado como una UMA y opera bajo el permiso clave de registro <strong>DGCERN-JB-019-QRO\/05.<\/strong> En 2003, debido al redise\u00f1o de fondo de este proyecto, su plan de manejo fue actualizado y posteriormente, en 2014, con la reforma al <strong>Reglamento de La Ley General de Vida Silvestre<\/strong> este tr\u00e1mite fue nuevamente cumplimentado y aprobado.<\/p>\n<p>[\/vc_column_text]\n\t\t<\/div> <!-- END .wpb_wrapper -->\n\t<\/div> <!-- END  wpb_column vc_column_container  wow animated fadeInUp -->\n[\/vc_row][vc_row full_width=&#8221;stretch_row_content_no_spaces&#8221; equal_height=&#8221;yes&#8221; m_bottom=&#8221;0&#8243; css=&#8221;.vc_custom_1724197076486{background-color: #809b2b !important;}&#8221;]\n\t<div class=\"vc_col-sm-8 wpb_column vc_column_container  wow animated fadeInUp vc_custom_1724197230900\"  data-wow-delay=\"0ms\" data-wow-iteration=\"1\" >\n\t\t<div class=\"wpb_wrapper\">\n\t\t\t\n\t\t<\/div> <!-- END .wpb_wrapper -->\n\t<\/div> <!-- END  wpb_column vc_column_container  wow animated fadeInUp -->\n\n\t<div class=\"vc_col-sm-4 wpb_column vc_column_container  wow animated fadeInUp vc_custom_1724197308012\"  data-wow-delay=\"100ms\" data-wow-iteration=\"1\" >\n\t\t<div class=\"wpb_wrapper\">\n\t\t\t[vc_column_text css_animation=&#8221;fadeInUp&#8221; c_id=&#8221;.vc_1491415416578&#8243;]<\/p>\n<p style=\"font-size: 26px; color: #fff; font-weight: 400; line-height: 38px;\">En apego al marco regulatorio, semestralmente, esta UMA\/PIMVS gestiona el tr\u00e1mite denominado <strong>\u201cAutorizaci\u00f3n de tasa de aprovechamiento\u201d<\/strong> lo cual otorga la legal procedencia a la producci\u00f3n de nuestra UPPS.<\/p>\n<p>[\/vc_column_text]\n\t\t<\/div> <!-- END .wpb_wrapper -->\n\t<\/div> <!-- END  wpb_column vc_column_container  wow animated fadeInUp -->\n[\/vc_row][vc_row full_width=&#8221;stretch_row&#8221; m_bottom=&#8221;0&#8243; css=&#8221;.vc_custom_1724197495361{background-color: #f6f6f6 !important;}&#8221;]\n\t<div class=\"vc_col-sm-12 wpb_column vc_column_container  wow animated fadeInUp vc_custom_1725291285677\"  data-wow-delay=\"0ms\" data-wow-iteration=\"1\" >\n\t\t<div class=\"wpb_wrapper\">\n\t\t\t[vc_row_inner el_class=&#8221;sombra-fichas&#8221; css=&#8221;.vc_custom_1724197518966{background-color: #ffffff !important;}&#8221;]\n\t<div class=\"vc_col-sm-8 wpb_column vc_column_container  vc_custom_1724197795123\"  data-wow-delay=\"0ms\">\n\t\t<div class=\"wpb_wrapper\">\n\t\t\t[vc_column_text css_animation=&#8221;fadeInUp&#8221; c_id=&#8221;.vc_1491415416578&#8243; css=&#8221;.vc_custom_1724197902148{padding-top: 60px !important;padding-right: 60px !important;padding-bottom: 40px !important;padding-left: 60px !important;}&#8221;]<\/p>\n<p style=\"font-size: 16px; color: #808080; font-weight: 400; line-height: 28px;\">As\u00ed mismo, de forma anual, un informe de actividades y de aprovechamiento es remitido a las oficinas de la <strong>Direcci\u00f3n de Vida Silvestre (SEMARNAT)<\/strong> para dar cuenta del estado y la din\u00e1mica de los ejemplares de la colecci\u00f3n cient\u00edfica que integran esta<strong> UMA\/PIMVS <\/strong>y de los movimientos correspondientes de propagaci\u00f3n y venta-adopci\u00f3n de las especies listadas en la <strong>\u201cNorma Oficial Mexicana NOM-059-SEMARNAT-2010\u201d,<\/strong> instrumento legal que protege a las especies nativas de M\u00e9xico de flora y fauna silvestres en categor\u00eda de riesgo\u201d.<\/p>\n<p>[\/vc_column_text]\n\t\t<\/div> <!-- END .wpb_wrapper -->\n\t<\/div> <!-- END  wpb_column vc_column_container  -->\n\n\t<div class=\"vc_col-sm-4 wpb_column vc_column_container  vc_custom_1725579122219\"  data-wow-delay=\"0ms\">\n\t\t<div class=\"wpb_wrapper\">\n\t\t\t\n\t\t<\/div> <!-- END .wpb_wrapper -->\n\t<\/div> <!-- END  wpb_column vc_column_container  -->\n[\/vc_row_inner]\n\t\t<\/div> <!-- END .wpb_wrapper -->\n\t<\/div> <!-- END  wpb_column vc_column_container  wow animated fadeInUp -->\n[\/vc_row][vc_row full_width=&#8221;stretch_row&#8221; content_placement=&#8221;middle&#8221; parallax=&#8221;content-moving&#8221; parallax_image=&#8221;8089&#8243; parallax_speed_bg=&#8221;1.3&#8243; m_bottom=&#8221;0&#8243; css=&#8221;.vc_custom_1724198082025{padding-top: 280px !important;padding-bottom: 280px !important;background-image: url(https:\/\/www.vamexico.com\/jb2\/wp-content\/uploads\/2024\/08\/bg-01.jpg?id=7089) !important;}&#8221;]\n\t<div class=\"vc_col-sm-12 wpb_column vc_column_container  wow animated fadeInUp vc_custom_1724192175313\"  data-wow-delay=\"0ms\" data-wow-iteration=\"1\" >\n\t\t<div class=\"wpb_wrapper\">\n\t\t\t\n\t\t<\/div> <!-- END .wpb_wrapper -->\n\t<\/div> <!-- END  wpb_column vc_column_container  wow animated fadeInUp -->\n[\/vc_row]<\/p>\n","protected":false},"excerpt":{"rendered":"<p>[vc_row full_width=&#8221;stretch_row&#8221; m_bottom=&#8221;0&#8243; css=&#8221;.vc_custom_1724196608783{background-color: #f6f6f6 !important;}&#8221;][\/vc_row][vc_row full_width=&#8221;stretch_row_content_no_spaces&#8221; equal_height=&#8221;yes&#8221; m_bottom=&#8221;0&#8243; css=&#8221;.vc_custom_1724197076486{background-color: #809b2b !important;}&#8221;][\/vc_row][vc_row full_width=&#8221;stretch_row&#8221; m_bottom=&#8221;0&#8243; css=&#8221;.vc_custom_1724197495361{background-color: #f6f6f6 !important;}&#8221;][\/vc_row][vc_row full_width=&#8221;stretch_row&#8221; content_placement=&#8221;middle&#8221; parallax=&#8221;content-moving&#8221; parallax_image=&#8221;8089&#8243; parallax_speed_bg=&#8221;1.3&#8243; m_bottom=&#8221;0&#8243; css=&#8221;.vc_custom_1724198082025{padding-top: 280px !important;padding-bottom: 280px !important;background-image: url(https:\/\/www.vamexico.com\/jb2\/wp-content\/uploads\/2024\/08\/bg-01.jpg?id=7089) !important;}&#8221;][\/vc_row]<\/p>\n","protected":false},"author":1,"featured_media":0,"parent":0,"menu_order":0,"comment_status":"closed","ping_status":"closed","template":"","meta":{"_joinchat":[],"footnotes":""},"class_list":["post-8058","page","type-page","status-publish","hentry"],"_links":{"self":[{"href":"https:\/\/www.vamexico.com\/jb2\/wp-json\/wp\/v2\/pages\/8058","targetHints":{"allow":["GET"]}}],"collection":[{"href":"https:\/\/www.vamexico.com\/jb2\/wp-json\/wp\/v2\/pages"}],"about":[{"href":"https:\/\/www.vamexico.com\/jb2\/wp-json\/wp\/v2\/types\/page"}],"author":[{"embeddable":true,"href":"https:\/\/www.vamexico.com\/jb2\/wp-json\/wp\/v2\/users\/1"}],"replies":[{"embeddable":true,"href":"https:\/\/www.vamexico.com\/jb2\/wp-json\/wp\/v2\/comments?post=8058"}],"version-history":[{"count":11,"href":"https:\/\/www.vamexico.com\/jb2\/wp-json\/wp\/v2\/pages\/8058\/revisions"}],"predecessor-version":[{"id":8898,"href":"https:\/\/www.vamexico.com\/jb2\/wp-json\/wp\/v2\/pages\/8058\/revisions\/8898"}],"wp:attachment":[{"href":"https:\/\/www.vamexico.com\/jb2\/wp-json\/wp\/v2\/media?parent=8058"}],"curies":[{"name":"wp","href":"https:\/\/api.w.org\/{rel}","templated":true}]}}