{"id":8216,"date":"2024-08-21T22:28:57","date_gmt":"2024-08-22T04:28:57","guid":{"rendered":"https:\/\/www.vamexico.com\/jb2\/?page_id=8216"},"modified":"2024-09-20T16:05:11","modified_gmt":"2024-09-20T22:05:11","slug":"reglamento-del-jardin-botanico","status":"publish","type":"page","link":"https:\/\/www.vamexico.com\/jb2\/reglamento-del-jardin-botanico\/","title":{"rendered":"Reglamento del Jard\u00edn Bot\u00e1nico"},"content":{"rendered":"<p>[vc_section][vc_row full_width=&#8221;stretch_row_content_no_spaces&#8221; css=&#8221;.vc_custom_1724155416077{background-color: #eaeeef !important;}&#8221;]\n\t<div class=\"vc_col-sm-12 wpb_column vc_column_container  vc_custom_1724155302147\"  data-wow-delay=\"0ms\" data-wow-iteration=\"1\" >\n\t\t<div class=\"wpb_wrapper\">\n\t\t\t[vc_row_inner css=&#8221;.vc_custom_1724301312241{margin-top: 80px !important;margin-bottom: 80px !important;}&#8221;]\n\t<div class=\"vc_col-sm-2 wpb_column vc_column_container \"  data-wow-delay=\"0ms\">\n\t\t<div class=\"wpb_wrapper\">\n\t\t\t\n\t\t<\/div> <!-- END .wpb_wrapper -->\n\t<\/div> <!-- END  wpb_column vc_column_container  -->\n\n\t<div class=\"vc_col-sm-8 sombra-fichas wpb_column vc_column_container  vc_custom_1724301483712\"  data-wow-delay=\"0ms\">\n\t\t<div class=\"wpb_wrapper\">\n\t\t\t[vc_column_text css_animation=&#8221;fadeInUp&#8221; c_id=&#8221;.vc_1491415416578&#8243; css=&#8221;.vc_custom_1724302557363{margin-bottom: 0px !important;}&#8221;]<\/p>\n<h2 style=\"color: #80972b; text-align: center;\">REGLAMENTO GENERAL DEL JARD\u00cdN BOT\u00c1NICO<\/h2>\n<p>[\/vc_column_text][vc_column_text css_animation=&#8221;fadeInUp&#8221; c_id=&#8221;.vc_1491415416578&#8243; css=&#8221;.vc_custom_1726869904972{margin-top: 0px !important;}&#8221;]<\/p>\n<h3 style=\"text-align: center;\">Bienvenidos a este Eco-Museo del Semidesierto<\/h3>\n<p>[\/vc_column_text][vc_separator border_width=&#8221;2&#8243;][vc_column_text css_animation=&#8221;fadeInUp&#8221; c_id=&#8221;.vc_1491415416578&#8243;]<\/p>\n<h3 style=\"color: #8cc241;\">ENTRADA<\/h3>\n<h3><img loading=\"lazy\" decoding=\"async\" class=\" wp-image-8234 alignleft\" src=\"https:\/\/www.vamexico.com\/jb2\/wp-content\/uploads\/2024\/08\/iconos-reglamento-01.jpg\" alt=\"\" width=\"110\" height=\"110\" srcset=\"https:\/\/www.vamexico.com\/jb2\/wp-content\/uploads\/2024\/08\/iconos-reglamento-01.jpg 300w, https:\/\/www.vamexico.com\/jb2\/wp-content\/uploads\/2024\/08\/iconos-reglamento-01-150x150.jpg 150w\" sizes=\"auto, (max-width: 110px) 100vw, 110px\" \/><\/h3>\n<p style=\"font-size: 18px; color: #808080; font-weight: 400; line-height: 28px;\"><strong>&#8211; ACCESO CON RECORRIDO<\/strong><br \/>\nLa visita guiada proporciona una mejor experiencia, al t\u00e9rmino de \u00e9sta, usted puede hacer un recorrido libre.<br \/>\n<strong>&#8211; Menores de edad solo pueden ingresar al \u00e1rea silvestre en compa\u00f1\u00eda de un adulto.<\/strong><\/p>\n<p>[\/vc_column_text][vc_separator border_width=&#8221;2&#8243;][vc_column_text css_animation=&#8221;fadeInUp&#8221; c_id=&#8221;.vc_1491415416578&#8243;]<\/p>\n<h3 style=\"color: #f59221;\">REGISTRO<\/h3>\n<h3><img loading=\"lazy\" decoding=\"async\" class=\"wp-image-8241 alignleft\" src=\"https:\/\/www.vamexico.com\/jb2\/wp-content\/uploads\/2024\/08\/iconos-reglamento-06.jpg\" alt=\"\" width=\"110\" height=\"110\" srcset=\"https:\/\/www.vamexico.com\/jb2\/wp-content\/uploads\/2024\/08\/iconos-reglamento-06.jpg 300w, https:\/\/www.vamexico.com\/jb2\/wp-content\/uploads\/2024\/08\/iconos-reglamento-06-150x150.jpg 150w\" sizes=\"auto, (max-width: 110px) 100vw, 110px\" \/><\/h3>\n<p style=\"font-size: 18px; color: #808080; font-weight: 400; line-height: 28px;\"><strong>&#8211; El representante del grupo registra la visita de todos y con ello acepta la pol\u00edtica de descargo de responsabilidad.<\/strong><br \/>\n&#8211; Agradecemos sus comentarios sobre su experiencia educativa.<\/p>\n<p>[\/vc_column_text][vc_separator border_width=&#8221;2&#8243; css=&#8221;.vc_custom_1724303274291{margin-top: 50px !important;}&#8221;][vc_column_text css_animation=&#8221;fadeInUp&#8221; c_id=&#8221;.vc_1491415416578&#8243;]<\/p>\n<h3 style=\"color: #00a79d;\">INSTALACIONES<\/h3>\n<h3><img loading=\"lazy\" decoding=\"async\" class=\"wp-image-8231 alignleft\" src=\"https:\/\/www.vamexico.com\/jb2\/wp-content\/uploads\/2024\/08\/iconos-reglamento-02.jpg\" alt=\"\" width=\"110\" height=\"110\" srcset=\"https:\/\/www.vamexico.com\/jb2\/wp-content\/uploads\/2024\/08\/iconos-reglamento-02.jpg 300w, https:\/\/www.vamexico.com\/jb2\/wp-content\/uploads\/2024\/08\/iconos-reglamento-02-150x150.jpg 150w\" sizes=\"auto, (max-width: 110px) 100vw, 110px\" \/><\/h3>\n<p style=\"font-size: 18px; color: #808080; font-weight: 400; line-height: 28px;\"><strong>&#8211; Usa responsablemente la infraestructura de este sitio.<\/strong><br \/>\n<strong>&#8211; Es un espacio 100% libre de humo y sin ingreso de bebidas alcoh\u00f3licas.<\/strong><br \/>\n&#8211; Acceso es restringido a personas en estado inconveniente.<\/p>\n<p>[\/vc_column_text][vc_separator border_width=&#8221;2&#8243; css=&#8221;.vc_custom_1724303281332{margin-top: 50px !important;}&#8221;][vc_column_text css_animation=&#8221;fadeInUp&#8221; c_id=&#8221;.vc_1491415416578&#8243;]<\/p>\n<h3 style=\"color: #804095;\">COLECCIONES Y \u00c1REA SILVESTRE<\/h3>\n<h3><img loading=\"lazy\" decoding=\"async\" class=\"wp-image-8232 alignleft\" src=\"https:\/\/www.vamexico.com\/jb2\/wp-content\/uploads\/2024\/08\/iconos-reglamento-03.jpg\" alt=\"\" width=\"110\" height=\"110\" srcset=\"https:\/\/www.vamexico.com\/jb2\/wp-content\/uploads\/2024\/08\/iconos-reglamento-03.jpg 300w, https:\/\/www.vamexico.com\/jb2\/wp-content\/uploads\/2024\/08\/iconos-reglamento-03-150x150.jpg 150w\" sizes=\"auto, (max-width: 110px) 100vw, 110px\" \/><\/h3>\n<p style=\"font-size: 18px; color: #808080; font-weight: 400; line-height: 28px;\"><strong>&#8211; Camina s\u00f3lo por los senderos, no ingresar a las jardineras. La colecta de cualquier elemento de la naturaleza no est\u00e1 permitido.<\/strong><br \/>\n<strong>&#8211; Te encuentras en un \u00e1rea silvestre, act\u00faa con precauci\u00f3n y de acuerdo a los principios ecol\u00f3gicos.<\/strong><\/p>\n<p>[\/vc_column_text][vc_separator border_width=&#8221;2&#8243;][vc_column_text css_animation=&#8221;fadeInUp&#8221; c_id=&#8221;.vc_1491415416578&#8243; css=&#8221;.vc_custom_1725390427020{padding-bottom: 50px !important;}&#8221;]<\/p>\n<h3 style=\"color: #e92328;\">FOTO Y VIDEO<\/h3>\n<h3><img loading=\"lazy\" decoding=\"async\" class=\"wp-image-8233 alignleft\" src=\"https:\/\/www.vamexico.com\/jb2\/wp-content\/uploads\/2024\/08\/iconos-reglamento-04.jpg\" alt=\"\" width=\"110\" height=\"110\" srcset=\"https:\/\/www.vamexico.com\/jb2\/wp-content\/uploads\/2024\/08\/iconos-reglamento-04.jpg 300w, https:\/\/www.vamexico.com\/jb2\/wp-content\/uploads\/2024\/08\/iconos-reglamento-04-150x150.jpg 150w\" sizes=\"auto, (max-width: 110px) 100vw, 110px\" \/><\/h3>\n<p style=\"font-size: 18px; color: #808080; font-weight: 400; line-height: 28px;\"><strong>&#8211; Sin cost\u00f3 y con la debida consideraci\u00f3n al recorrido.<\/strong><br \/>\n<strong>&#8211; Fotos sociales requieren programaci\u00f3n.<\/strong><\/p>\n<p>[\/vc_column_text][vc_separator border_width=&#8221;2&#8243; css=&#8221;.vc_custom_1724303456505{margin-top: 50px !important;}&#8221;][vc_column_text css_animation=&#8221;fadeInUp&#8221; c_id=&#8221;.vc_1491415416578&#8243;]<\/p>\n<h3 style=\"color: #a87c4e;\">MASCOTAS<\/h3>\n<h3><img loading=\"lazy\" decoding=\"async\" class=\"wp-image-8230 alignleft\" src=\"https:\/\/www.vamexico.com\/jb2\/wp-content\/uploads\/2024\/08\/iconos-reglamento-05.jpg\" alt=\"\" width=\"110\" height=\"110\" srcset=\"https:\/\/www.vamexico.com\/jb2\/wp-content\/uploads\/2024\/08\/iconos-reglamento-05.jpg 300w, https:\/\/www.vamexico.com\/jb2\/wp-content\/uploads\/2024\/08\/iconos-reglamento-05-150x150.jpg 150w\" sizes=\"auto, (max-width: 110px) 100vw, 110px\" \/><\/h3>\n<p style=\"font-size: 18px; color: #808080; font-weight: 400; line-height: 28px;\"><strong>&#8211; Bienvenidas, siempre con correa y la atenci\u00f3n consecuente.<\/strong><\/p>\n<p>[\/vc_column_text]\n\t\t<\/div> <!-- END .wpb_wrapper -->\n\t<\/div> <!-- END  sombra-fichas wpb_column vc_column_container  -->\n\n\t<div class=\"vc_col-sm-2 wpb_column vc_column_container \"  data-wow-delay=\"0ms\">\n\t\t<div class=\"wpb_wrapper\">\n\t\t\t\n\t\t<\/div> <!-- END .wpb_wrapper -->\n\t<\/div> <!-- END  wpb_column vc_column_container  -->\n[\/vc_row_inner]\n\t\t<\/div> <!-- END .wpb_wrapper -->\n\t<\/div> <!-- END  wpb_column vc_column_container  -->\n[\/vc_row][\/vc_section]<\/p>\n","protected":false},"excerpt":{"rendered":"<p>[vc_section][vc_row full_width=&#8221;stretch_row_content_no_spaces&#8221; css=&#8221;.vc_custom_1724155416077{background-color: #eaeeef !important;}&#8221;][\/vc_row][\/vc_section]<\/p>\n","protected":false},"author":1,"featured_media":0,"parent":0,"menu_order":0,"comment_status":"closed","ping_status":"closed","template":"","meta":{"_joinchat":[],"footnotes":""},"class_list":["post-8216","page","type-page","status-publish","hentry"],"_links":{"self":[{"href":"https:\/\/www.vamexico.com\/jb2\/wp-json\/wp\/v2\/pages\/8216","targetHints":{"allow":["GET"]}}],"collection":[{"href":"https:\/\/www.vamexico.com\/jb2\/wp-json\/wp\/v2\/pages"}],"about":[{"href":"https:\/\/www.vamexico.com\/jb2\/wp-json\/wp\/v2\/types\/page"}],"author":[{"embeddable":true,"href":"https:\/\/www.vamexico.com\/jb2\/wp-json\/wp\/v2\/users\/1"}],"replies":[{"embeddable":true,"href":"https:\/\/www.vamexico.com\/jb2\/wp-json\/wp\/v2\/comments?post=8216"}],"version-history":[{"count":11,"href":"https:\/\/www.vamexico.com\/jb2\/wp-json\/wp\/v2\/pages\/8216\/revisions"}],"predecessor-version":[{"id":9552,"href":"https:\/\/www.vamexico.com\/jb2\/wp-json\/wp\/v2\/pages\/8216\/revisions\/9552"}],"wp:attachment":[{"href":"https:\/\/www.vamexico.com\/jb2\/wp-json\/wp\/v2\/media?parent=8216"}],"curies":[{"name":"wp","href":"https:\/\/api.w.org\/{rel}","templated":true}]}}