{"id":8757,"date":"2024-09-05T13:19:56","date_gmt":"2024-09-05T19:19:56","guid":{"rendered":"https:\/\/www.vamexico.com\/jb2\/?page_id=8757"},"modified":"2024-09-05T15:10:20","modified_gmt":"2024-09-05T21:10:20","slug":"plantas-y-gente","status":"publish","type":"page","link":"https:\/\/www.vamexico.com\/jb2\/plantas-y-gente\/","title":{"rendered":"Plantas y gente"},"content":{"rendered":"<p>[vc_section full_width=&#8221;stretch_row&#8221; css=&#8221;.vc_custom_1725570065796{margin-top: 0px !important;margin-bottom: 0px !important;padding-top: 0px !important;padding-bottom: 0px !important;background-color: #80922b !important;}&#8221;][vc_row gap=&#8221;35&#8243;]\n\t<div class=\"vc_col-sm-4 wpb_column vc_column_container  vc_custom_1725570271689\"  data-wow-delay=\"0ms\" data-wow-iteration=\"1\" >\n\t\t<div class=\"wpb_wrapper\">\n\t\t\t[vc_single_image image=&#8221;8809&#8243; img_size=&#8221;full&#8221; css_animation=&#8221;fadeInUp&#8221; css=&#8221;.vc_custom_1725570572241{margin-bottom: 0px !important;padding-bottom: 0px !important;}&#8221;]\n\t\t<\/div> <!-- END .wpb_wrapper -->\n\t<\/div> <!-- END  wpb_column vc_column_container  -->\n\n\t<div class=\"vc_col-sm-8 wpb_column vc_column_container  vc_custom_1725570157855\"  data-wow-delay=\"0ms\" data-wow-iteration=\"1\" >\n\t\t<div class=\"wpb_wrapper\">\n\t\t\t[vc_column_text css_animation=&#8221;fadeInUp&#8221; css=&#8221;.vc_custom_1725570580428{margin-top: 0px !important;margin-bottom: 20px !important;padding-top: 0px !important;padding-bottom: 0px !important;}&#8221;]<\/p>\n<h2 style=\"color: #fff;\"><strong>Plantas y Gente<\/strong><\/h2>\n<p>[\/vc_column_text][vc_column_text css_animation=&#8221;fadeInUp&#8221; css=&#8221;.vc_custom_1725570588335{margin-top: 0px !important;padding-top: 0px !important;}&#8221;]<\/p>\n<p style=\"font-size: 18px; color: #fff; font-weight: 400; line-height: 24px;\"><strong>El Jard\u00edn Bot\u00e1nico Regional de Cadereyta de CONCYTEQ<\/strong> procura vincular al m\u00e1ximo a la sociedad con la naturaleza: plantas y gente para abrir posibilidades, parafraseando el lema de BGCI (Botanic Gardens Conservation International).<br \/>\n<strong>La importancia ecol\u00f3gica, econ\u00f3mica y cultural sobre la Naturaleza,<\/strong> se ense\u00f1a y se dialoga a trav\u00e9s de las pr\u00e1cticas, educaci\u00f3n ambiental de la ciencia bot\u00e1nica y del conocimiento que aqu\u00ed se genera y documenta, incluyendo el conocimiento tradicional que la gente del Semidesierto nos da cuenta.<br \/>\n<strong>Cada acci\u00f3n que involucra a las plantas con la gente genera biodiversidad,<\/strong> de modo que inexorablemente, \u201cen nuestras manos\u201d, esto va convirti\u00e9ndose en objeto de conservaci\u00f3n de la naturaleza, nuestro fin \u00faltimo.<\/p>\n<p>[\/vc_column_text]\n\t\t<\/div> <!-- END .wpb_wrapper -->\n\t<\/div> <!-- END  wpb_column vc_column_container  -->\n[\/vc_row][\/vc_section][vc_section full_width=&#8221;stretch_row&#8221; css=&#8221;.vc_custom_1724306696193{background-color: #eaeeef !important;}&#8221;][vc_row full_width=&#8221;stretch_row&#8221; gap=&#8221;35&#8243; css=&#8221;.vc_custom_1725569289581{margin-top: 40px !important;margin-bottom: 80px !important;}&#8221;]\n\t<div class=\"vc_col-sm-9 wpb_column vc_column_container \"  data-wow-delay=\"0ms\" data-wow-iteration=\"1\" >\n\t\t<div class=\"wpb_wrapper\">\n\t\t\t[vc_video link=&#8221;https:\/\/youtu.be\/pm2WUCdV8Pw?si=6t8GskCLR3HGQhOS&#8221; align=&#8221;center&#8221; css_animation=&#8221;fadeInLeft&#8221;]\n\t\t<\/div> <!-- END .wpb_wrapper -->\n\t<\/div> <!-- END  wpb_column vc_column_container  -->\n\n\t<div class=\"vc_col-sm-3 wpb_column vc_column_container  wow animated fadeIn\"  data-wow-delay=\"0ms\" data-wow-iteration=\"1\" >\n\t\t<div class=\"wpb_wrapper\">\n\t\t\t[vc_column_text css_animation=&#8221;fadeInRight&#8221;]<iframe loading=\"lazy\" title=\"YouTube video player\" src=\"https:\/\/www.youtube.com\/embed\/0fjBAE_vV2s?si=Ghxv_e-CpCmpbzoq\" width=\"360\" height=\"490\" frameborder=\"0\" allowfullscreen=\"allowfullscreen\"><\/iframe>[\/vc_column_text]\n\t\t<\/div> <!-- END .wpb_wrapper -->\n\t<\/div> <!-- END  wpb_column vc_column_container  wow animated fadeIn -->\n[\/vc_row][\/vc_section]<\/p>\n","protected":false},"excerpt":{"rendered":"<p>[vc_section full_width=&#8221;stretch_row&#8221; css=&#8221;.vc_custom_1725570065796{margin-top: 0px !important;margin-bottom: 0px !important;padding-top: 0px !important;padding-bottom: 0px !important;background-color: #80922b !important;}&#8221;][vc_row gap=&#8221;35&#8243;][\/vc_row][\/vc_section][vc_section full_width=&#8221;stretch_row&#8221; css=&#8221;.vc_custom_1724306696193{background-color: #eaeeef !important;}&#8221;][vc_row full_width=&#8221;stretch_row&#8221; gap=&#8221;35&#8243; css=&#8221;.vc_custom_1725569289581{margin-top: 40px !important;margin-bottom: 80px !important;}&#8221;][\/vc_row][\/vc_section]<\/p>\n","protected":false},"author":1,"featured_media":0,"parent":0,"menu_order":0,"comment_status":"closed","ping_status":"closed","template":"","meta":{"_joinchat":[],"footnotes":""},"class_list":["post-8757","page","type-page","status-publish","hentry"],"_links":{"self":[{"href":"https:\/\/www.vamexico.com\/jb2\/wp-json\/wp\/v2\/pages\/8757","targetHints":{"allow":["GET"]}}],"collection":[{"href":"https:\/\/www.vamexico.com\/jb2\/wp-json\/wp\/v2\/pages"}],"about":[{"href":"https:\/\/www.vamexico.com\/jb2\/wp-json\/wp\/v2\/types\/page"}],"author":[{"embeddable":true,"href":"https:\/\/www.vamexico.com\/jb2\/wp-json\/wp\/v2\/users\/1"}],"replies":[{"embeddable":true,"href":"https:\/\/www.vamexico.com\/jb2\/wp-json\/wp\/v2\/comments?post=8757"}],"version-history":[{"count":11,"href":"https:\/\/www.vamexico.com\/jb2\/wp-json\/wp\/v2\/pages\/8757\/revisions"}],"predecessor-version":[{"id":8826,"href":"https:\/\/www.vamexico.com\/jb2\/wp-json\/wp\/v2\/pages\/8757\/revisions\/8826"}],"wp:attachment":[{"href":"https:\/\/www.vamexico.com\/jb2\/wp-json\/wp\/v2\/media?parent=8757"}],"curies":[{"name":"wp","href":"https:\/\/api.w.org\/{rel}","templated":true}]}}