{"id":8970,"date":"2024-09-10T02:21:26","date_gmt":"2024-09-10T08:21:26","guid":{"rendered":"https:\/\/www.vamexico.com\/jb2\/?page_id=8970"},"modified":"2024-09-10T02:39:47","modified_gmt":"2024-09-10T08:39:47","slug":"servicio-social-estancias-y-practicas-profesionales-en-el-jardin-botanico","status":"publish","type":"page","link":"https:\/\/www.vamexico.com\/jb2\/servicio-social-estancias-y-practicas-profesionales-en-el-jardin-botanico\/","title":{"rendered":"Servicio social, estancias y pr\u00e1cticas profesionales en el jard\u00edn bot\u00e1nico"},"content":{"rendered":"<p>[vc_section][vc_row full_width=&#8221;stretch_row_content_no_spaces&#8221; css=&#8221;.vc_custom_1724155416077{background-color: #eaeeef !important;}&#8221;]\n\t<div class=\"vc_col-sm-12 wpb_column vc_column_container  vc_custom_1724155302147\"  data-wow-delay=\"0ms\" data-wow-iteration=\"1\" >\n\t\t<div class=\"wpb_wrapper\">\n\t\t\t[vc_row_inner css=&#8221;.vc_custom_1724301312241{margin-top: 80px !important;margin-bottom: 80px !important;}&#8221;]\n\t<div class=\"vc_col-sm-2 wpb_column vc_column_container \"  data-wow-delay=\"0ms\">\n\t\t<div class=\"wpb_wrapper\">\n\t\t\t\n\t\t<\/div> <!-- END .wpb_wrapper -->\n\t<\/div> <!-- END  wpb_column vc_column_container  -->\n\n\t<div class=\"vc_col-sm-8 sombra-fichas wpb_column vc_column_container  vc_custom_1724301483712\"  data-wow-delay=\"0ms\">\n\t\t<div class=\"wpb_wrapper\">\n\t\t\t[vc_column_text css_animation=&#8221;fadeInUp&#8221; c_id=&#8221;.vc_1491415416578&#8243; css=&#8221;.vc_custom_1725956628921{margin-bottom: 20px !important;}&#8221;]<\/p>\n<h3 style=\"color: #80972b; text-align: center;\">\u00a1Estudiantes comprometidos con el conocimiento y la conservaci\u00f3n vegetal, esta es su oportunidad!<\/h3>\n<p>[\/vc_column_text][vc_separator border_width=&#8221;2&#8243;][vc_column_text css_animation=&#8221;fadeInUp&#8221; c_id=&#8221;.vc_1491415416578&#8243;]<\/p>\n<p style=\"font-size: 16px; color: #808080; font-weight: 400; line-height: 24px;\">En el Jard\u00edn Bot\u00e1nico Regional de Cadereyta estamos convencidos de que los j\u00f3venes son la clave para construir un futuro que permita vivir en armon\u00eda con la naturaleza. Por ello, invitamos a todos los estudiantes interesados en la conservaci\u00f3n, la bot\u00e1nica, la educaci\u00f3n ecol\u00f3gica, la horticultura y el manejo de un jard\u00edn bot\u00e1nico a realizar su servicio social o pr\u00e1cticas profesionales con nosotros. Aqu\u00ed podr\u00e1s obtener experiencia pr\u00e1ctica, desarrollo profesional y una red de contactos que te ayudar\u00e1 a perfilar tu futuro profesional.<\/p>\n<p style=\"font-size: 16px; color: #808080; font-weight: 400; line-height: 24px;\">Cada semestre, damos lugar a la recepci\u00f3n de solicitudes para prestadores de servicio social, estancias, pr\u00e1cticas profesionales o incluso voluntarios. Nuestra capacidad de recepci\u00f3n es limitada, por lo que las solicitudes se atienden a medida que van ingresando, y procuramos siempre su mejor inserci\u00f3n dentro de nuestras actividades.<\/p>\n<p style=\"font-size: 16px; color: #808080; font-weight: 400; line-height: 24px;\">Si te apasiona la naturaleza, particularmente el Semidesierto, est\u00e1s interesado en contribuir a la conservaci\u00f3n de nuestro entorno y deseas una experiencia que marque la diferencia, \u00a1te estamos esperando!<\/p>\n<p style=\"font-size: 18px; color: #808080; font-weight: 400; line-height: 28px;\"><strong>Requisitos y proceso de admisi\u00f3n<\/strong><\/p>\n<p style=\"font-size: 16px; color: #808080; font-weight: 400; line-height: 24px;\">1. Enviar una solicitud formal, con la siguiente documentaci\u00f3n, de 6 a 8 semanas antes de la fecha tentativa de inicio<\/p>\n<p style=\"font-size: 16px; color: #808080; font-weight: 400; line-height: 24px; padding-left: 40px;\"><strong>a.<\/strong> Carta de presentaci\u00f3n personal que:<\/p>\n<p style=\"font-size: 16px; color: #808080; font-weight: 400; line-height: 24px; padding-left: 80px;\"><strong>i.<\/strong> Explique las razones de inter\u00e9s por acudir al Jard\u00edn Bot\u00e1nico Regional de Cadereyta a efectuar servicio social \/ estancia \/pr\u00e1cticas profesionales.<br \/>\n<strong>ii.<\/strong> Describa los intereses y aptitudes personales, y las expectativas en torno al periodo de trabajo en el Jard\u00edn Bot\u00e1nico.<br \/>\n<strong>iii.<\/strong> Mencione los d\u00edas de la semana y los horarios en los que tendr\u00e1 disponibilidad para acudir al Jard\u00edn Bot\u00e1nico, tomando en cuenta que el horario de la instituci\u00f3n es de 0900 a 1700.<br \/>\n<strong>iv.<\/strong> Informe si su instituci\u00f3n de procedencia requiere la firma de un convenio (Ver comentario al final del p\u00e1rrafo).<\/p>\n<p style=\"font-size: 16px; color: #808080; font-weight: 400; line-height: 24px; padding-left: 40px;\"><strong>b.<\/strong> \u00daltimo kardex oficial.<br \/>\n<strong>c.<\/strong> Comprobante de seguro m\u00e9dico vigente.<br \/>\n<strong>d.<\/strong> Fechas tentativas del periodo de trabajo, y n\u00famero de horas requerido por tu instituci\u00f3n.<\/p>\n<p>El Jard\u00edn Bot\u00e1nico evaluar\u00e1 la solicitud. Si es aceptada, propondr\u00e1 al aspirante un conjunto de objetivos y actividades para desarrollar durante su periodo, antes de emitir una notificaci\u00f3n formal de aceptaci\u00f3n.<br \/>\nUna vez que el Jard\u00edn Bot\u00e1nico notifique la aceptaci\u00f3n para realizar la estancia de servicio social \/ estancias \/ pr\u00e1cticas profesionales, se requerir\u00e1 lo siguiente:<\/p>\n<p style=\"padding-left: 40px;\"><strong>1.<\/strong> Carta de presentaci\u00f3n formal de la instituci\u00f3n educativa, dirigida a la Direcci\u00f3n del Jard\u00edn Bot\u00e1nico Regional de Cadereyta.<br \/>\n<strong>2.<\/strong> Informar al Jard\u00edn Bot\u00e1nico la documentaci\u00f3n que debe emitir como instituci\u00f3n receptora, adem\u00e1s de la carta de aceptaci\u00f3n.<\/p>\n<p>(Comentario) En caso de que la instituci\u00f3n de procedencia requiera la firma de un convenio para la realizaci\u00f3n de servicio social \/ estancias \/ pr\u00e1cticas profesionales, el periodo de formalizaci\u00f3n puede extenderse.<\/p>\n<p style=\"font-size: 18px; color: #808080; font-weight: 400; line-height: 28px;\"><strong>Condiciones<\/strong><\/p>\n<p style=\"font-size: 18px; color: #808080; font-weight: 400; line-height: 28px;\">El Jard\u00edn Bot\u00e1nico Regional de Cadereyta no ofrece un apoyo econ\u00f3mico a los prestadores de servicio social \/ estancias \/ pr\u00e1cticas profesionales. Los gastos derivados de una residencia temporal en Cadereyta de Montes corren por cuenta del interesado.<\/p>\n<p>Se solicita a los prestadores de servicio social \/ estancias \/ pr\u00e1cticas profesionales firmar diariamente una lista de control de asistencias, durante todo el tiempo que dure su periodo en el Jard\u00edn Bot\u00e1nico.<\/p>\n<p style=\"font-size: 18px; color: #808080; font-weight: 400; line-height: 28px;\"><strong>Para mayores informes comun\u00edcate con el siguiente formulario<\/strong><\/p>\n<p>[\/vc_column_text]<noscript class=\"ninja-forms-noscript-message\">\n\tAviso: Se requiere JavaScript para este contenido.<\/noscript>\n<div class=\"row\"><\/div><!--.row--><div id=\"nf-form-4-cont\" class=\"nf-form-cont\" aria-live=\"polite\" aria-labelledby=\"nf-form-title-4\" aria-describedby=\"nf-form-errors-4\" role=\"form\">\n\n    <div class=\"nf-loading-spinner\"><\/div>\n\n<\/div>\n        <!-- That data is being printed as a workaround to page builders reordering the order of the scripts loaded-->\n        <script>var formDisplay=1;var nfForms=nfForms||[];var form=[];form.id='4';form.settings={\"objectType\":\"Form Setting\",\"editActive\":false,\"title\":\"\",\"show_title\":1,\"allow_public_link\":0,\"embed_form\":\"\",\"clear_complete\":1,\"hide_complete\":1,\"default_label_pos\":\"above\",\"wrapper_class\":\"\",\"element_class\":\"\",\"form_title_heading_level\":\"3\",\"key\":\"\",\"add_submit\":1,\"currency\":\"\",\"unique_field_error\":\"A form with this value has already been submitted.\",\"logged_in\":false,\"not_logged_in_msg\":\"\",\"sub_limit_msg\":\"The form has reached its submission limit.\",\"calculations\":[],\"formContentData\":[\"nombre_y_apellidos_1725957013761\",\"institucion_1725957025009\",\"pais_1725957034720\",\"correo_electronico_1725957046692\",\"enviar_1725957168390\"],\"ninjaForms\":\"Ninja Forms\",\"changeEmailErrorMsg\":\"Introduce una direcci\\u00f3n de correo electr\\u00f3nico v\\u00e1lida.\",\"changeDateErrorMsg\":\"Please enter a valid date!\",\"confirmFieldErrorMsg\":\"Estos campos deben coincidir.\",\"fieldNumberNumMinError\":\"Error de n\\u00famero m\\u00ednimo\",\"fieldNumberNumMaxError\":\"Error de n\\u00famero m\\u00e1ximo\",\"fieldNumberIncrementBy\":\"Increm\\u00e9ntalo por \",\"fieldTextareaRTEInsertLink\":\"Insertar enlace\",\"fieldTextareaRTEInsertMedia\":\"Insertar medios\",\"fieldTextareaRTESelectAFile\":\"Seleccione un archivo\",\"formErrorsCorrectErrors\":\"Corrige los errores antes de enviar este formulario.\",\"formHoneypot\":\"Si eres un ser humano y est\\u00e1s viendo este campo, por favor d\\u00e9jalo vac\\u00edo.\",\"validateRequiredField\":\"Esto es un campo obligatorio.\",\"honeypotHoneypotError\":\"Error de Honeypot\",\"fileUploadOldCodeFileUploadInProgress\":\"Carga de archivo en curso.\",\"fileUploadOldCodeFileUpload\":\"CARGA DE ARCHIVO\",\"currencySymbol\":false,\"fieldsMarkedRequired\":\"Campos marcados con <span class=\\\"ninja-forms-req-symbol\\\">*<\\\/span> son requeridos\",\"thousands_sep\":\",\",\"decimal_point\":\".\",\"siteLocale\":\"es_MX\",\"dateFormat\":\"m\\\/d\\\/Y\",\"startOfWeek\":\"1\",\"of\":\"de\",\"previousMonth\":\"Previo Mes\",\"nextMonth\":\"Siguiente Mes\",\"months\":[\"Enero\",\"Febrero\",\"Marzo\",\"Abril\",\"Mayo\",\"Junio\",\"Julio\",\"Agosto\",\"Septiembre\",\"Octubre\",\"Noviembre\",\"Diciembre\"],\"monthsShort\":[\"Ene\",\"Feb\",\"Mar\",\"Abr\",\"Mayo\",\"Jun\",\"Jul\",\"Ago\",\"Sep\",\"Oct\",\"Nov\",\"Dic\"],\"weekdays\":[\"Domingo\",\"Lunes\",\"Martes\",\"Mi\\u00e9rcoles\",\"Jueves\",\"Viernes\",\"Sabado\"],\"weekdaysShort\":[\"Dom\",\"Lun\",\"Mar\",\"Mie\",\"Jue\",\"Vie\",\"Sab\"],\"weekdaysMin\":[\"Do\",\"Lu\",\"Ma\",\"Mi\",\"Ju\",\"Vi\",\"Sa\"],\"recaptchaConsentMissing\":\"reCaptcha validation couldn&#039;t load.\",\"recaptchaMissingCookie\":\"reCaptcha v3 validation couldn&#039;t load the cookie needed to submit the form.\",\"recaptchaConsentEvent\":\"Accept reCaptcha cookies before sending the form.\",\"currency_symbol\":\"\",\"beforeForm\":\"\",\"beforeFields\":null,\"afterFields\":null,\"afterForm\":\"\"};form.fields=[{\"objectType\":\"Field\",\"objectDomain\":\"fields\",\"editActive\":false,\"order\":999,\"idAttribute\":\"id\",\"type\":\"textbox\",\"label\":\"NOMBRE Y APELLIDOS\",\"key\":\"nombre_y_apellidos_1725957013761\",\"label_pos\":\"above\",\"required\":1,\"default\":\"\",\"placeholder\":\"\",\"container_class\":\"\",\"element_class\":\"\",\"input_limit\":\"\",\"input_limit_type\":\"characters\",\"input_limit_msg\":\"Caracteres restantes\",\"manual_key\":false,\"admin_label\":\"\",\"help_text\":\"\",\"mask\":\"\",\"custom_mask\":\"\",\"custom_name_attribute\":\"\",\"personally_identifiable\":\"\",\"value\":\"\",\"id\":19,\"beforeField\":\"\",\"afterField\":\"\",\"parentType\":\"textbox\",\"element_templates\":[\"textbox\",\"input\"],\"old_classname\":\"\",\"wrap_template\":\"wrap\"},{\"objectType\":\"Field\",\"objectDomain\":\"fields\",\"editActive\":false,\"order\":999,\"idAttribute\":\"id\",\"type\":\"textbox\",\"label\":\"INSTITUCI\\u00d3N\",\"key\":\"institucion_1725957025009\",\"label_pos\":\"above\",\"required\":1,\"default\":\"\",\"placeholder\":\"\",\"container_class\":\"\",\"element_class\":\"\",\"input_limit\":\"\",\"input_limit_type\":\"characters\",\"input_limit_msg\":\"Caracteres restantes\",\"manual_key\":false,\"admin_label\":\"\",\"help_text\":\"\",\"mask\":\"\",\"custom_mask\":\"\",\"custom_name_attribute\":\"\",\"personally_identifiable\":\"\",\"value\":\"\",\"id\":20,\"beforeField\":\"\",\"afterField\":\"\",\"parentType\":\"textbox\",\"element_templates\":[\"textbox\",\"input\"],\"old_classname\":\"\",\"wrap_template\":\"wrap\"},{\"objectType\":\"Field\",\"objectDomain\":\"fields\",\"editActive\":false,\"order\":999,\"idAttribute\":\"id\",\"type\":\"textbox\",\"label\":\"PA\\u00cdS\",\"key\":\"pais_1725957034720\",\"label_pos\":\"above\",\"required\":1,\"default\":\"\",\"placeholder\":\"\",\"container_class\":\"\",\"element_class\":\"\",\"input_limit\":\"\",\"input_limit_type\":\"characters\",\"input_limit_msg\":\"Caracteres restantes\",\"manual_key\":false,\"admin_label\":\"\",\"help_text\":\"\",\"mask\":\"\",\"custom_mask\":\"\",\"custom_name_attribute\":\"\",\"personally_identifiable\":\"\",\"value\":\"\",\"id\":21,\"beforeField\":\"\",\"afterField\":\"\",\"parentType\":\"textbox\",\"element_templates\":[\"textbox\",\"input\"],\"old_classname\":\"\",\"wrap_template\":\"wrap\"},{\"objectType\":\"Field\",\"objectDomain\":\"fields\",\"editActive\":false,\"order\":999,\"idAttribute\":\"id\",\"type\":\"email\",\"label\":\"CORREO ELECTR\\u00d3NICO\",\"key\":\"correo_electronico_1725957046692\",\"label_pos\":\"above\",\"required\":1,\"default\":\"\",\"placeholder\":\"\",\"container_class\":\"\",\"element_class\":\"\",\"admin_label\":\"\",\"help_text\":\"\",\"custom_name_attribute\":\"email\",\"personally_identifiable\":1,\"value\":\"\",\"drawerDisabled\":false,\"id\":22,\"beforeField\":\"\",\"afterField\":\"\",\"parentType\":\"email\",\"element_templates\":[\"email\",\"input\"],\"old_classname\":\"\",\"wrap_template\":\"wrap\"},{\"objectType\":\"Field\",\"objectDomain\":\"fields\",\"editActive\":false,\"order\":9999,\"idAttribute\":\"id\",\"type\":\"submit\",\"label\":\"ENVIAR\",\"processing_label\":\"Procesando\",\"container_class\":\"\",\"element_class\":\"\",\"key\":\"enviar_1725957168390\",\"drawerDisabled\":false,\"id\":23,\"beforeField\":\"\",\"afterField\":\"\",\"value\":\"\",\"label_pos\":\"above\",\"parentType\":\"textbox\",\"element_templates\":[\"submit\",\"button\",\"input\"],\"old_classname\":\"\",\"wrap_template\":\"wrap-no-label\"}];nfForms.push(form);<\/script>\n        [vc_column_text css_animation=&#8221;fadeInUp&#8221; c_id=&#8221;.vc_1491415416578&#8243; css=&#8221;.vc_custom_1725957559503{margin-bottom: 20px !important;}&#8221;]<\/p>\n<h4 style=\"color: #80972b; text-align: center;\">H\u00c1BLANOS BREVEMENTE DE TU INTER\u00c9S POR EL JARD\u00cdN BOT\u00c1NICO REGIONAL DE CADEREYTA<\/h4>\n<p>[\/vc_column_text]\n\t\t<\/div> <!-- END .wpb_wrapper -->\n\t<\/div> <!-- END  sombra-fichas wpb_column vc_column_container  -->\n\n\t<div class=\"vc_col-sm-2 wpb_column vc_column_container \"  data-wow-delay=\"0ms\">\n\t\t<div class=\"wpb_wrapper\">\n\t\t\t\n\t\t<\/div> <!-- END .wpb_wrapper -->\n\t<\/div> <!-- END  wpb_column vc_column_container  -->\n[\/vc_row_inner]\n\t\t<\/div> <!-- END .wpb_wrapper -->\n\t<\/div> <!-- END  wpb_column vc_column_container  -->\n[\/vc_row][\/vc_section]<\/p>\n","protected":false},"excerpt":{"rendered":"<p>[vc_section][vc_row full_width=&#8221;stretch_row_content_no_spaces&#8221; css=&#8221;.vc_custom_1724155416077{background-color: #eaeeef !important;}&#8221;][\/vc_row][\/vc_section]<\/p>\n","protected":false},"author":1,"featured_media":0,"parent":0,"menu_order":0,"comment_status":"closed","ping_status":"closed","template":"","meta":{"_joinchat":[],"footnotes":""},"class_list":["post-8970","page","type-page","status-publish","hentry"],"_links":{"self":[{"href":"https:\/\/www.vamexico.com\/jb2\/wp-json\/wp\/v2\/pages\/8970","targetHints":{"allow":["GET"]}}],"collection":[{"href":"https:\/\/www.vamexico.com\/jb2\/wp-json\/wp\/v2\/pages"}],"about":[{"href":"https:\/\/www.vamexico.com\/jb2\/wp-json\/wp\/v2\/types\/page"}],"author":[{"embeddable":true,"href":"https:\/\/www.vamexico.com\/jb2\/wp-json\/wp\/v2\/users\/1"}],"replies":[{"embeddable":true,"href":"https:\/\/www.vamexico.com\/jb2\/wp-json\/wp\/v2\/comments?post=8970"}],"version-history":[{"count":11,"href":"https:\/\/www.vamexico.com\/jb2\/wp-json\/wp\/v2\/pages\/8970\/revisions"}],"predecessor-version":[{"id":8988,"href":"https:\/\/www.vamexico.com\/jb2\/wp-json\/wp\/v2\/pages\/8970\/revisions\/8988"}],"wp:attachment":[{"href":"https:\/\/www.vamexico.com\/jb2\/wp-json\/wp\/v2\/media?parent=8970"}],"curies":[{"name":"wp","href":"https:\/\/api.w.org\/{rel}","templated":true}]}}