{"id":9261,"date":"2024-09-12T13:16:23","date_gmt":"2024-09-12T19:16:23","guid":{"rendered":"https:\/\/www.vamexico.com\/jb2\/?page_id=9261"},"modified":"2024-09-24T14:42:57","modified_gmt":"2024-09-24T20:42:57","slug":"educacion-ecologica","status":"publish","type":"page","link":"https:\/\/www.vamexico.com\/jb2\/educacion-ecologica\/","title":{"rendered":"Educaci\u00f3n Ecol\u00f3gica"},"content":{"rendered":"<p>[vc_section full_width=&#8221;stretch_row&#8221; css=&#8221;.vc_custom_1726172753828{padding-top: 30px !important;background-color: #80922b !important;}&#8221;][vc_row]\n\t<div class=\"vc_col-sm-4 wpb_column vc_column_container  vc_custom_1726172652140\"  data-wow-delay=\"0ms\" data-wow-iteration=\"1\" >\n\t\t<div class=\"wpb_wrapper\">\n\t\t\t[vc_single_image image=&#8221;9269&#8243; img_size=&#8221;full&#8221; alignment=&#8221;center&#8221; css_animation=&#8221;fadeInUp&#8221; css=&#8221;.vc_custom_1726172802236{margin-bottom: 0px !important;padding-bottom: 0px !important;}&#8221;]\n\t\t<\/div> <!-- END .wpb_wrapper -->\n\t<\/div> <!-- END  wpb_column vc_column_container  -->\n\n\t<div class=\"vc_col-sm-8 wpb_column vc_column_container  vc_custom_1726172779848\"  data-wow-delay=\"0ms\" data-wow-iteration=\"1\" >\n\t\t<div class=\"wpb_wrapper\">\n\t\t\t[vc_column_text css_animation=&#8221;fadeInUp&#8221;]<\/p>\n<p style=\"font-size: 18px; color: #fff; font-weight: 400; line-height: 24px;\">La educaci\u00f3n y cultura sobre la Naturaleza es un esfuerzo fundamental en las actividades de divulgaci\u00f3n del jard\u00edn bot\u00e1nico. Fomentamos la conciencia y el conocimiento sobre la biodiversidad, los servicios ecosist\u00e9micos y la interacci\u00f3n entre las personas y la naturaleza a trav\u00e9s de diversos instrumentos educativos que, sustentados finamente en la investigaci\u00f3n, la did\u00e1ctica y la pedag\u00f3gica, permiten traducir el conocimiento cient\u00edfico en acciones concretas y comprensibles para nuestros tutelados.<\/p>\n<p style=\"font-size: 18px; color: #fff; font-weight: 400; line-height: 24px;\">Cada uno de los recorridos guiados, los talleres, las exposiciones, intra y extra muros, as\u00ed como los diversos <a class=\"link\" href=\"https:\/\/www.vamexico.com\/jb2\/infografias-educativas\/\"><strong>instrumentos gr\u00e1ficos<\/strong><\/a> que aparecen en nuestros medios digitales son parte de un cuerpo integrado dirigido a informar y educar sobre la importancia de la Biodiversidad y los servicios ecosist\u00e9micos para el bienestar humano y del planeta.<\/p>\n<p>[\/vc_column_text]\n\t\t<\/div> <!-- END .wpb_wrapper -->\n\t<\/div> <!-- END  wpb_column vc_column_container  -->\n[\/vc_row][\/vc_section][vc_row full_width=&#8221;stretch_row&#8221; css_animation=&#8221;fadeInUp&#8221; css=&#8221;.vc_custom_1726869166874{padding-bottom: 80px !important;background-color: #f7f7f7 !important;}&#8221;]\n\t<div class=\"vc_col-sm-12 wpb_column vc_column_container  vc_custom_1724299899987\"  data-wow-delay=\"0ms\" data-wow-iteration=\"1\" >\n\t\t<div class=\"wpb_wrapper\">\n\t\t\t[vc_row_inner]\n\t<div class=\"vc_col-sm-2 wpb_column vc_column_container \"  data-wow-delay=\"0ms\">\n\t\t<div class=\"wpb_wrapper\">\n\t\t\t\n\t\t<\/div> <!-- END .wpb_wrapper -->\n\t<\/div> <!-- END  wpb_column vc_column_container  -->\n\n\t<div class=\"vc_col-sm-8 sombra-fichas wpb_column vc_column_container  vc_custom_1726100557802\"  data-wow-delay=\"0ms\">\n\t\t<div class=\"wpb_wrapper\">\n\t\t\t[vc_column_text css_animation=&#8221;fadeInUp&#8221;]<\/p>\n<p style=\"font-size: 18px; color: #808080; font-weight: 400; line-height: 24px;\">Resaltamos siempre el papel primordial de las especies nativas, el conocimiento de la bot\u00e1nica, la ecolog\u00eda y las otras ciencias que les han dado conocimiento procurando implementar una perspectiva STEAM. Nos focalizamos en orientar sobre los riegos que enfrenta la biodiversidad y el impacto proveniente de las acciones humanas; y, en este mismo sentido, c\u00f3mo la participaci\u00f3n ciudadana y la acci\u00f3n trasformadora de cada individuo puede alinearse con pr\u00e1cticas y modelos de desarrollo sustentable basados en la Naturaleza.<\/p>\n<p style=\"font-size: 18px; color: #808080; font-weight: 400; line-height: 24px;\">La experiencia del jard\u00edn bot\u00e1nico busca consolidar el potencial humano para crear compromisos y capacidades que ser\u00e1n vitales para la conservaci\u00f3n de la flora y de la vida. Contamos con gu\u00edas capacitados y en constante preparaci\u00f3n con procedimientos y con un plan educativo ponderado con los diversos instrumentos estrat\u00e9gicos nacionales e internacionales en la materia. Tenemos preparados temas espec\u00edficos, pl\u00e1ticas y conferencias para cuando los usuarios lo soliciten.<\/p>\n<p style=\"font-size: 18px; color: #808080; font-weight: 400; line-height: 24px;\">Despu\u00e9s de escuchar nuestro mensaje, los visitantes pueden realizar su visita de manera independiente para conocer los rincones de este sitio natural para la conservaci\u00f3n de la naturaleza.<\/p>\n<p>[\/vc_column_text][ivan_title title_tag=&#8221;h3&#8243; animation_iteration=&#8221;1&#8243; c_id=&#8221;.vc_1726863157918&#8243; title_css=&#8221;color:#80922b;&#8221;]Gracias por compartir la experiencia de un Jard\u00edn Bot\u00e1nico con nosotros.[\/ivan_title]\n\t\t<\/div> <!-- END .wpb_wrapper -->\n\t<\/div> <!-- END  sombra-fichas wpb_column vc_column_container  -->\n\n\t<div class=\"vc_col-sm-2 wpb_column vc_column_container \"  data-wow-delay=\"0ms\">\n\t\t<div class=\"wpb_wrapper\">\n\t\t\t\n\t\t<\/div> <!-- END .wpb_wrapper -->\n\t<\/div> <!-- END  wpb_column vc_column_container  -->\n[\/vc_row_inner]\n\t\t\t<!-- START Educaci\u00f3n Ecol\u00f3gica REVOLUTION SLIDER 6.4.11 --><p class=\"rs-p-wp-fix\"><\/p>\n\t\t\t<rs-module-wrap id=\"rev_slider_20_1_wrapper\" data-source=\"gallery\" style=\"background:transparent;padding:0;margin:0px auto;margin-top:0;margin-bottom:0;\">\n\t\t\t\t<rs-module id=\"rev_slider_20_1\" style=\"\" data-version=\"6.4.11\">\n\t\t\t\t\t<rs-slides>\n\t\t\t\t\t\t<rs-slide data-key=\"rs-124\" data-title=\"Slide\" data-in=\"o:0;\" data-out=\"a:false;\">\n\t\t\t\t\t\t\t<img loading=\"lazy\" decoding=\"async\" src=\"\/\/www.vamexico.com\/jb2\/wp-content\/uploads\/2024\/09\/JBRC-EDUCACION-ECOLOGICA-01.webp\" title=\"JBRC-EDUCACION-ECOLOGICA-01\" width=\"1800\" height=\"1350\" class=\"rev-slidebg tp-rs-img\" data-no-retina>\n<!---->\t\t\t\t\t\t<\/rs-slide>\n\t\t\t\t\t\t<rs-slide data-key=\"rs-126\" data-title=\"Slide\" data-in=\"o:0;\" data-out=\"a:false;\">\n\t\t\t\t\t\t\t<img loading=\"lazy\" decoding=\"async\" src=\"\/\/www.vamexico.com\/jb2\/wp-content\/uploads\/2024\/09\/JBRC-EDUCACION-ECOLOGICA-02.webp\" title=\"JBRC-EDUCACION-ECOLOGICA-02\" width=\"1800\" height=\"1350\" class=\"rev-slidebg tp-rs-img\" data-no-retina>\n<!---->\t\t\t\t\t\t<\/rs-slide>\n\t\t\t\t\t\t<rs-slide data-key=\"rs-125\" data-title=\"Slide\" data-in=\"o:0;\" data-out=\"a:false;\">\n\t\t\t\t\t\t\t<img loading=\"lazy\" decoding=\"async\" src=\"\/\/www.vamexico.com\/jb2\/wp-content\/uploads\/2024\/09\/JBRC-EDUCACION-ECOLOGICA-03.webp\" title=\"JBRC-EDUCACION-ECOLOGICA-03\" width=\"1800\" height=\"1350\" class=\"rev-slidebg tp-rs-img\" data-no-retina>\n<!---->\t\t\t\t\t\t<\/rs-slide>\n\t\t\t\t\t\t<rs-slide data-key=\"rs-127\" data-title=\"Slide\" data-in=\"o:0;\" data-out=\"a:false;\">\n\t\t\t\t\t\t\t<img loading=\"lazy\" decoding=\"async\" src=\"\/\/www.vamexico.com\/jb2\/wp-content\/uploads\/2024\/09\/JBRC-EDUCACION-ECOLOGICA-04.webp\" title=\"JBRC-EDUCACION-ECOLOGICA-04\" width=\"1800\" height=\"1350\" class=\"rev-slidebg tp-rs-img\" data-no-retina>\n<!---->\t\t\t\t\t\t<\/rs-slide>\n\t\t\t\t\t\t<rs-slide data-key=\"rs-128\" data-title=\"Slide\" data-in=\"o:0;\" data-out=\"a:false;\">\n\t\t\t\t\t\t\t<img loading=\"lazy\" decoding=\"async\" src=\"\/\/www.vamexico.com\/jb2\/wp-content\/uploads\/2024\/09\/JBRC-EDUCACION-ECOLOGICA-05.webp\" title=\"JBRC-EDUCACION-ECOLOGICA-05\" width=\"1800\" height=\"1350\" class=\"rev-slidebg tp-rs-img\" data-no-retina>\n<!---->\t\t\t\t\t\t<\/rs-slide>\n\t\t\t\t\t\t<rs-slide data-key=\"rs-129\" data-title=\"Slide\" data-in=\"o:0;\" data-out=\"a:false;\">\n\t\t\t\t\t\t\t<img loading=\"lazy\" decoding=\"async\" src=\"\/\/www.vamexico.com\/jb2\/wp-content\/uploads\/2024\/09\/JBRC-EDUCACION-ECOLOGICA-06.webp\" title=\"JBRC-EDUCACION-ECOLOGICA-06\" width=\"1800\" height=\"1350\" class=\"rev-slidebg tp-rs-img\" data-no-retina>\n<!---->\t\t\t\t\t\t<\/rs-slide>\n\t\t\t\t\t\t<rs-slide data-key=\"rs-130\" data-title=\"Slide\" data-in=\"o:0;\" data-out=\"a:false;\">\n\t\t\t\t\t\t\t<img loading=\"lazy\" decoding=\"async\" src=\"\/\/www.vamexico.com\/jb2\/wp-content\/uploads\/2024\/09\/JBRC-EDUCACION-ECOLOGICA-07.webp\" title=\"JBRC-EDUCACION-ECOLOGICA-07\" width=\"1800\" height=\"1350\" class=\"rev-slidebg tp-rs-img\" data-no-retina>\n<!---->\t\t\t\t\t\t<\/rs-slide>\n\t\t\t\t\t\t<rs-slide data-key=\"rs-131\" data-title=\"Slide\" data-in=\"o:0;\" data-out=\"a:false;\">\n\t\t\t\t\t\t\t<img loading=\"lazy\" decoding=\"async\" src=\"\/\/www.vamexico.com\/jb2\/wp-content\/uploads\/2024\/09\/JBRC-EDUCACION-ECOLOGICA-08.webp\" title=\"JBRC-EDUCACION-ECOLOGICA-08\" width=\"1800\" height=\"1350\" class=\"rev-slidebg tp-rs-img\" data-no-retina>\n<!---->\t\t\t\t\t\t<\/rs-slide>\n\t\t\t\t\t\t<rs-slide data-key=\"rs-132\" data-title=\"Slide\" data-in=\"o:0;\" data-out=\"a:false;\">\n\t\t\t\t\t\t\t<img loading=\"lazy\" decoding=\"async\" src=\"\/\/www.vamexico.com\/jb2\/wp-content\/uploads\/2024\/09\/JBRC-EDUCACION-ECOLOGICA-09.webp\" title=\"JBRC-EDUCACION-ECOLOGICA-09\" width=\"1800\" height=\"1350\" class=\"rev-slidebg tp-rs-img\" data-no-retina>\n<!---->\t\t\t\t\t\t<\/rs-slide>\n\t\t\t\t\t<\/rs-slides>\n\t\t\t\t<\/rs-module>\n\t\t\t\t<script type=\"text\/javascript\">\n\t\t\t\t\tsetREVStartSize({c: 'rev_slider_20_1',rl:[1240,1024,778,480],el:[600],gw:[1240],gh:[600],type:'standard',justify:'',layout:'fullwidth',thumbh:\"160\",mh:\"0\"});\n\t\t\t\t\tvar\trevapi20,\n\t\t\t\t\t\ttpj;\n\t\t\t\t\tfunction revinit_revslider201() {\n\t\t\t\t\tjQuery(function() {\n\t\t\t\t\t\ttpj = jQuery;\n\t\t\t\t\t\trevapi20 = tpj(\"#rev_slider_20_1\");\n\t\t\t\t\t\tif(revapi20==undefined || revapi20.revolution == undefined){\n\t\t\t\t\t\t\trevslider_showDoubleJqueryError(\"rev_slider_20_1\");\n\t\t\t\t\t\t}else{\n\t\t\t\t\t\t\trevapi20.revolution({\n\t\t\t\t\t\t\t\tDPR:\"dpr\",\n\t\t\t\t\t\t\t\tvisibilityLevels:\"1240,1024,778,480\",\n\t\t\t\t\t\t\t\tgridwidth:1240,\n\t\t\t\t\t\t\t\tgridheight:600,\n\t\t\t\t\t\t\t\tperspective:600,\n\t\t\t\t\t\t\t\tperspectiveType:\"global\",\n\t\t\t\t\t\t\t\teditorheight:\"600,768,960,720\",\n\t\t\t\t\t\t\t\tresponsiveLevels:\"1240,1024,778,480\",\n\t\t\t\t\t\t\t\tprogressBar: {\n\t\t\t\t\t\t\t\t\tsize:5,\n\t\t\t\t\t\t\t\t\tx:0,\n\t\t\t\t\t\t\t\t\ty:0\n\t\t\t\t\t\t\t\t},\n\t\t\t\t\t\t\t\tnavigation: {\n\t\t\t\t\t\t\t\t\twheelCallDelay:1000,\n\t\t\t\t\t\t\t\t\tonHoverStop:false,\n\t\t\t\t\t\t\t\t\tarrows: {\n\t\t\t\t\t\t\t\t\t\tenable:true,\n\t\t\t\t\t\t\t\t\t\tstyle:\"hesperiden\",\n\t\t\t\t\t\t\t\t\t\tleft: {\n\t\t\t\t\t\t\t\t\t\t\th_offset:30\n\t\t\t\t\t\t\t\t\t\t},\n\t\t\t\t\t\t\t\t\t\tright: {\n\t\t\t\t\t\t\t\t\t\t\th_offset:30\n\t\t\t\t\t\t\t\t\t\t}\n\t\t\t\t\t\t\t\t\t},\n\t\t\t\t\t\t\t\t\tthumbnails: {\n\t\t\t\t\t\t\t\t\t\tenable:true,\n\t\t\t\t\t\t\t\t\t\ttmp:\"<span class=\\\"tp-thumb-img-wrap\\\">  <span class=\\\"tp-thumb-image\\\"><\/span><\/span>\",\n\t\t\t\t\t\t\t\t\t\tstyle:\"gyges\",\n\t\t\t\t\t\t\t\t\t\tv_offset:0,\n\t\t\t\t\t\t\t\t\t\tspace:5,\n\t\t\t\t\t\t\t\t\t\twidth:150,\n\t\t\t\t\t\t\t\t\t\theight:150,\n\t\t\t\t\t\t\t\t\t\twrapper_padding:5,\n\t\t\t\t\t\t\t\t\t\twrapper_color:\"transparent\",\n\t\t\t\t\t\t\t\t\t\tvisibleAmount:10,\n\t\t\t\t\t\t\t\t\t\tposition:\"outer-horizontal\"\n\t\t\t\t\t\t\t\t\t}\n\t\t\t\t\t\t\t\t},\n\t\t\t\t\t\t\t\tfallbacks: {\n\t\t\t\t\t\t\t\t\tallowHTML5AutoPlayOnAndroid:true\n\t\t\t\t\t\t\t\t},\n\t\t\t\t\t\t\t});\n\t\t\t\t\t\t}\n\t\t\t\t\t\t\n\t\t\t\t\t});\n\t\t\t\t\t} \/\/ End of RevInitScript\n\t\t\t\tvar once_revslider201 = false;\n\t\t\t\tif (document.readyState === \"loading\") {document.addEventListener('readystatechange',function() { if((document.readyState === \"interactive\" || document.readyState === \"complete\") && !once_revslider201 ) { once_revslider201 = true; revinit_revslider201();}});} else {once_revslider201 = true; revinit_revslider201();}\n\t\t\t\t<\/script>\n\t\t\t\t<script>\n\t\t\t\t\tvar htmlDivCss = unescape(\"%23rev_slider_20_1_wrapper%20.hesperiden.tparrows%20%7B%0A%09cursor%3Apointer%3B%0A%09background%3Argba%280%2C0%2C0%2C0.5%29%3B%0A%09width%3A40px%3B%0A%09height%3A40px%3B%0A%09position%3Aabsolute%3B%0A%09display%3Ablock%3B%0A%09z-index%3A1000%3B%0A%20%20%20%20border-radius%3A%2050%25%3B%0A%7D%0A%23rev_slider_20_1_wrapper%20.hesperiden.tparrows.rs-touchhover%20%7B%0A%09background%3A%23000000%3B%0A%7D%0A%23rev_slider_20_1_wrapper%20.hesperiden.tparrows%3Abefore%20%7B%0A%09font-family%3A%20%27revicons%27%3B%0A%09font-size%3A20px%3B%0A%09color%3A%23ffffff%3B%0A%09display%3Ablock%3B%0A%09line-height%3A%2040px%3B%0A%09text-align%3A%20center%3B%0A%7D%0A%23rev_slider_20_1_wrapper%20.hesperiden.tparrows.tp-leftarrow%3Abefore%20%7B%0A%09content%3A%20%27%5Ce82c%27%3B%0A%20%20%20%20margin-left%3A-3px%3B%0A%7D%0A%23rev_slider_20_1_wrapper%20.hesperiden.tparrows.tp-rightarrow%3Abefore%20%7B%0A%09content%3A%20%27%5Ce82d%27%3B%0A%20%20%20%20margin-right%3A-3px%3B%0A%7D%0A%23rev_slider_20_1_wrapper%20.gyges%20.tp-thumb%20%7B%20%0A%20%20%20%20%20%20opacity%3A1%0A%20%20%7D%0A%23rev_slider_20_1_wrapper%20.gyges%20.tp-thumb-img-wrap%20%7B%0A%20%20padding%3A3px%3B%0A%20%20background-color%3Argba%280%2C0%2C0%2C0.25%29%3B%0A%20%20display%3Ainline-block%3B%0A%0A%20%20width%3A100%25%3B%0A%20%20height%3A100%25%3B%0A%20%20position%3Arelative%3B%0A%20%20margin%3A0px%3B%0A%20%20box-sizing%3Aborder-box%3B%0A%20%20%20%20transition%3Aall%200.3s%3B%0A%20%20%20%20-webkit-transition%3Aall%200.3s%3B%0A%7D%0A%23rev_slider_20_1_wrapper%20.gyges%20.tp-thumb-image%20%7B%0A%20%20%20padding%3A3px%3B%20%0A%20%20%20display%3Ablock%3B%0A%20%20%20box-sizing%3Aborder-box%3B%0A%20%20%20position%3Arelative%3B%0A%20%20%20%20-webkit-box-shadow%3A%20inset%205px%205px%2010px%200px%20rgba%280%2C0%2C0%2C0.25%29%3B%0A%20%20-moz-box-shadow%3A%20inset%205px%205px%2010px%200px%20rgba%280%2C0%2C0%2C0.25%29%3B%0A%20%20box-shadow%3A%20inset%205px%205px%2010px%200px%20rgba%280%2C0%2C0%2C0.25%29%3B%0A%20%7D%20%20%0A%0A%23rev_slider_20_1_wrapper%20.gyges%20.tp-thumb.rs-touchhover%20.tp-thumb-img-wrap%2C%0A%20%23rev_slider_20_1_wrapper%20.gyges%20.tp-thumb.selected%20.tp-thumb-img-wrap%20%7B%0A%20%20%20%20background%3A%20-moz-linear-gradient%28top%2C%20%20%23ffffff%200%25%2C%20%23777777%20100%25%29%3B%0Abackground%3A%20-webkit-gradient%28left%20top%2C%20left%20bottom%2C%20color-stop%280%25%2C%20%23ffffff%2C%20color-stop%28100%25%2C%20%23777777%29%29%29%3B%0Abackground%3A%20-webkit-linear-gradient%28top%2C%20%23ffffff%200%25%2C%20%23777777%20100%25%29%3B%0Abackground%3A%20-o-linear-gradient%28top%2C%20%23ffffff%200%25%2C%20%23777777%20100%25%29%3B%0Abackground%3A%20-ms-linear-gradient%28top%2C%20%23ffffff%200%25%2C%20%23777777%20100%25%29%3B%0Abackground%3A%20linear-gradient%28to%20bottom%2C%20%23ffffff%200%25%2C%20%23777777%20100%25%29%3B%0A%0A%7D%0A%0A%0A\");\n\t\t\t\t\tvar htmlDiv = document.getElementById('rs-plugin-settings-inline-css');\n\t\t\t\t\tif(htmlDiv) {\n\t\t\t\t\t\thtmlDiv.innerHTML = htmlDiv.innerHTML + htmlDivCss;\n\t\t\t\t\t}else{\n\t\t\t\t\t\tvar htmlDiv = document.createElement('div');\n\t\t\t\t\t\thtmlDiv.innerHTML = '<style>' + htmlDivCss + '<\/style>';\n\t\t\t\t\t\tdocument.getElementsByTagName('head')[0].appendChild(htmlDiv.childNodes[0]);\n\t\t\t\t\t}\n\t\t\t\t<\/script>\n\t\t\t\t<script>\n\t\t\t\t\tvar htmlDivCss = unescape(\"%0A%0A%0A%0A%0A%0A%0A%0A%0A%0A%0A%0A%0A%0A%0A%0A%0A%0A\");\n\t\t\t\t\tvar htmlDiv = document.getElementById('rs-plugin-settings-inline-css');\n\t\t\t\t\tif(htmlDiv) {\n\t\t\t\t\t\thtmlDiv.innerHTML = htmlDiv.innerHTML + htmlDivCss;\n\t\t\t\t\t}else{\n\t\t\t\t\t\tvar htmlDiv = document.createElement('div');\n\t\t\t\t\t\thtmlDiv.innerHTML = '<style>' + htmlDivCss + '<\/style>';\n\t\t\t\t\t\tdocument.getElementsByTagName('head')[0].appendChild(htmlDiv.childNodes[0]);\n\t\t\t\t\t}\n\t\t\t\t<\/script>\n\t\t\t<\/rs-module-wrap>\n\t\t\t<!-- END REVOLUTION SLIDER -->\n\n\t\t<\/div> <!-- END .wpb_wrapper -->\n\t<\/div> <!-- END  wpb_column vc_column_container  -->\n[\/vc_row][vc_row]\n\t<div class=\"vc_col-sm-12 wpb_column vc_column_container \"  data-wow-delay=\"0ms\">\n\t\t<div class=\"wpb_wrapper\">\n\t\t\t\n\t\t<\/div> <!-- END .wpb_wrapper -->\n\t<\/div> <!-- END  wpb_column vc_column_container  -->\n[\/vc_row]<\/p>\n","protected":false},"excerpt":{"rendered":"<p>[vc_section full_width=&#8221;stretch_row&#8221; css=&#8221;.vc_custom_1726172753828{padding-top: 30px !important;background-color: #80922b !important;}&#8221;][vc_row][\/vc_row][\/vc_section][vc_row full_width=&#8221;stretch_row&#8221; css_animation=&#8221;fadeInUp&#8221; css=&#8221;.vc_custom_1726869166874{padding-bottom: 80px !important;background-color: #f7f7f7 !important;}&#8221;][\/vc_row][vc_row][\/vc_row]<\/p>\n","protected":false},"author":1,"featured_media":0,"parent":0,"menu_order":0,"comment_status":"closed","ping_status":"closed","template":"","meta":{"_joinchat":[],"footnotes":""},"class_list":["post-9261","page","type-page","status-publish","hentry"],"_links":{"self":[{"href":"https:\/\/www.vamexico.com\/jb2\/wp-json\/wp\/v2\/pages\/9261","targetHints":{"allow":["GET"]}}],"collection":[{"href":"https:\/\/www.vamexico.com\/jb2\/wp-json\/wp\/v2\/pages"}],"about":[{"href":"https:\/\/www.vamexico.com\/jb2\/wp-json\/wp\/v2\/types\/page"}],"author":[{"embeddable":true,"href":"https:\/\/www.vamexico.com\/jb2\/wp-json\/wp\/v2\/users\/1"}],"replies":[{"embeddable":true,"href":"https:\/\/www.vamexico.com\/jb2\/wp-json\/wp\/v2\/comments?post=9261"}],"version-history":[{"count":10,"href":"https:\/\/www.vamexico.com\/jb2\/wp-json\/wp\/v2\/pages\/9261\/revisions"}],"predecessor-version":[{"id":9563,"href":"https:\/\/www.vamexico.com\/jb2\/wp-json\/wp\/v2\/pages\/9261\/revisions\/9563"}],"wp:attachment":[{"href":"https:\/\/www.vamexico.com\/jb2\/wp-json\/wp\/v2\/media?parent=9261"}],"curies":[{"name":"wp","href":"https:\/\/api.w.org\/{rel}","templated":true}]}}